{"id":25554,"date":"2023-03-04T18:56:57","date_gmt":"2023-03-04T18:56:57","guid":{"rendered":"https:\/\/arslanklinik.com\/?page_id=25554"},"modified":"2023-07-15T05:28:29","modified_gmt":"2023-07-15T05:28:29","slug":"scheduled-care-of-gingiva-and-teeth-2","status":"publish","type":"page","link":"https:\/\/arslanklinik.com\/tr\/services-arslan-dental-clinic\/scheduled-care-of-gingiva-and-teeth-2\/","title":{"rendered":"Scheduled care of gingiva and teeth"},"content":{"rendered":"<h1>D\u00fczenli di\u015f ve di\u015f eti bak\u0131m\u0131<\/h1>\n<p>Periyodik di\u015f temizli\u011fi, ultrasonla periodontal k\u00fcretaj, topikal ve sistemik flor\u00fcr uygulamalar\u0131 ile sa\u011fl\u0131kl\u0131 di\u015flerin kal\u0131c\u0131 olarak korunmas\u0131 i\u00e7in hastalar\u0131m\u0131za a\u011f\u0131z sa\u011fl\u0131\u011f\u0131n\u0131 tam olarak korumak i\u00e7in \u00fc\u00e7 aydan alt\u0131 aya kadar de\u011fi\u015fen periyodik periyotlarda planl\u0131 di\u015f ve di\u015f eti bak\u0131m\u0131 hizmeti vermekteyiz.<\/p>\n<p><img loading=\"lazy\" decoding=\"async\" width=\"1024\" height=\"1024\" src=\"https:\/\/arslanklinik.com\/wp-content\/uploads\/2023\/03\/regular-dental-and-gum-care-arslan-dental-klinik-yusuf-arslan-1-jpg-1024x1024.webp\" alt=\"regular-dental-and-gum-care-arslan-dental-klinik-yusuf-arslan-1\" loading=\"lazy\"><br \/>\n<img loading=\"lazy\" decoding=\"async\" width=\"1024\" height=\"1024\" src=\"https:\/\/arslanklinik.com\/wp-content\/uploads\/2023\/03\/regular-dental-and-gum-care-arslan-dental-klinik-yusuf-arslan-2-jpg-1024x1024.webp\" alt=\"regular-dental-and-gum-care-arslan-dental-klinik-yusuf-arslan-2\" loading=\"lazy\"><br \/>\n<img loading=\"lazy\" decoding=\"async\" width=\"1024\" height=\"1024\" src=\"https:\/\/arslanklinik.com\/wp-content\/uploads\/2023\/03\/regular-dental-and-gum-care-arslan-dental-klinik-yusuf-arslan-3-jpg-1024x1024.webp\" alt=\"regular-dental-and-gum-care-arslan-dental-klinik-yusuf-arslan-3\" loading=\"lazy\"><\/p>\n","protected":false},"excerpt":{"rendered":"<p>D\u00fczenli di\u015f ve di\u015f eti bak\u0131m\u0131 Periyodik di\u015f temizli\u011fi, ultrasonla periodontal k\u00fcretaj, topikal ve sistemik flor\u00fcr uygulamalar\u0131 ile sa\u011fl\u0131kl\u0131 di\u015flerin kal\u0131c\u0131 olarak korunmas\u0131 i\u00e7in hastalar\u0131m\u0131za a\u011f\u0131z sa\u011fl\u0131\u011f\u0131n\u0131 tam olarak korumak i\u00e7in \u00fc\u00e7 aydan alt\u0131 aya kadar de\u011fi\u015fen periyodik periyotlarda planl\u0131 di\u015f ve di\u015f eti bak\u0131m\u0131 hizmeti vermekteyiz.<\/p>\n","protected":false},"author":2,"featured_media":0,"parent":25205,"menu_order":0,"comment_status":"closed","ping_status":"closed","template":"","meta":{"_uag_custom_page_level_css":"","site-sidebar-layout":"no-sidebar","site-content-layout":"page-builder","ast-site-content-layout":"default","site-content-style":"default","site-sidebar-style":"default","ast-global-header-display":"","ast-banner-title-visibility":"","ast-main-header-display":"","ast-hfb-above-header-display":"","ast-hfb-below-header-display":"","ast-hfb-mobile-header-display":"","site-post-title":"disabled","ast-breadcrumbs-content":"","ast-featured-img":"disabled","footer-sml-layout":"","ast-disable-related-posts":"","theme-transparent-header-meta":"","adv-header-id-meta":"","stick-header-meta":"","header-above-stick-meta":"","header-main-stick-meta":"","header-below-stick-meta":"","astra-migrate-meta-layouts":"default","ast-page-background-enabled":"default","ast-page-background-meta":{"desktop":{"background-color":"","background-image":"","background-repeat":"repeat","background-position":"center center","background-size":"auto","background-attachment":"scroll","background-type":"","background-media":"","overlay-type":"","overlay-color":"","overlay-opacity":"","overlay-gradient":""},"tablet":{"background-color":"","background-image":"","background-repeat":"repeat","background-position":"center center","background-size":"auto","background-attachment":"scroll","background-type":"","background-media":"","overlay-type":"","overlay-color":"","overlay-opacity":"","overlay-gradient":""},"mobile":{"background-color":"","background-image":"","background-repeat":"repeat","background-position":"center center","background-size":"auto","background-attachment":"scroll","background-type":"","background-media":"","overlay-type":"","overlay-color":"","overlay-opacity":"","overlay-gradient":""}},"ast-content-background-meta":{"desktop":{"background-color":"var(--ast-global-color-5)","background-image":"","background-repeat":"repeat","background-position":"center center","background-size":"auto","background-attachment":"scroll","background-type":"","background-media":"","overlay-type":"","overlay-color":"","overlay-opacity":"","overlay-gradient":""},"tablet":{"background-color":"var(--ast-global-color-5)","background-image":"","background-repeat":"repeat","background-position":"center center","background-size":"auto","background-attachment":"scroll","background-type":"","background-media":"","overlay-type":"","overlay-color":"","overlay-opacity":"","overlay-gradient":""},"mobile":{"background-color":"var(--ast-global-color-5)","background-image":"","background-repeat":"repeat","background-position":"center center","background-size":"auto","background-attachment":"scroll","background-type":"","background-media":"","overlay-type":"","overlay-color":"","overlay-opacity":"","overlay-gradient":""}},"footnotes":""},"class_list":["post-25554","page","type-page","status-publish","hentry"],"translation":{"provider":"WPGlobus","version":"3.0.2","language":"tr","enabled_languages":["en","ar","tr"],"languages":{"en":{"title":true,"content":true,"excerpt":false},"ar":{"title":true,"content":true,"excerpt":false},"tr":{"title":false,"content":true,"excerpt":false}}},"uagb_featured_image_src":{"full":false,"thumbnail":false,"medium":false,"medium_large":false,"large":false,"1536x1536":false,"2048x2048":false},"uagb_author_info":{"display_name":"Dr.Yusuf Arslan","author_link":"https:\/\/arslanklinik.com\/tr\/author\/yusuf\/"},"uagb_comment_info":0,"uagb_excerpt":"D\u00fczenli di\u015f ve di\u015f eti bak\u0131m\u0131 Periyodik di\u015f temizli\u011fi, ultrasonla periodontal k\u00fcretaj, topikal ve sistemik flor\u00fcr uygulamalar\u0131 ile sa\u011fl\u0131kl\u0131 di\u015flerin kal\u0131c\u0131 olarak korunmas\u0131 i\u00e7in hastalar\u0131m\u0131za a\u011f\u0131z sa\u011fl\u0131\u011f\u0131n\u0131 tam olarak korumak i\u00e7in \u00fc\u00e7 aydan alt\u0131 aya kadar de\u011fi\u015fen periyodik periyotlarda planl\u0131 di\u015f ve di\u015f eti bak\u0131m\u0131 hizmeti vermekteyiz.","rttpg_featured_image_url":null,"rttpg_author":{"display_name":"Dr.Yusuf Arslan","author_link":"https:\/\/arslanklinik.com\/tr\/author\/yusuf\/"},"rttpg_comment":0,"rttpg_category":null,"rttpg_excerpt":"D\u00fczenli di\u015f ve di\u015f eti bak\u0131m\u0131 Periyodik di\u015f temizli\u011fi, ultrasonla periodontal k\u00fcretaj, topikal ve sistemik flor\u00fcr uygulamalar\u0131 ile sa\u011fl\u0131kl\u0131 di\u015flerin kal\u0131c\u0131 olarak korunmas\u0131 i\u00e7in hastalar\u0131m\u0131za a\u011f\u0131z sa\u011fl\u0131\u011f\u0131n\u0131 tam olarak korumak i\u00e7in \u00fc\u00e7 aydan alt\u0131 aya kadar de\u011fi\u015fen periyodik periyotlarda planl\u0131 di\u015f ve di\u015f eti bak\u0131m\u0131 hizmeti vermekteyiz.","_links":{"self":[{"href":"https:\/\/arslanklinik.com\/tr\/wp-json\/wp\/v2\/pages\/25554","targetHints":{"allow":["GET"]}}],"collection":[{"href":"https:\/\/arslanklinik.com\/tr\/wp-json\/wp\/v2\/pages"}],"about":[{"href":"https:\/\/arslanklinik.com\/tr\/wp-json\/wp\/v2\/types\/page"}],"author":[{"embeddable":true,"href":"https:\/\/arslanklinik.com\/tr\/wp-json\/wp\/v2\/users\/2"}],"replies":[{"embeddable":true,"href":"https:\/\/arslanklinik.com\/tr\/wp-json\/wp\/v2\/comments?post=25554"}],"version-history":[{"count":14,"href":"https:\/\/arslanklinik.com\/tr\/wp-json\/wp\/v2\/pages\/25554\/revisions"}],"predecessor-version":[{"id":27775,"href":"https:\/\/arslanklinik.com\/tr\/wp-json\/wp\/v2\/pages\/25554\/revisions\/27775"}],"up":[{"embeddable":true,"href":"https:\/\/arslanklinik.com\/tr\/wp-json\/wp\/v2\/pages\/25205"}],"wp:attachment":[{"href":"https:\/\/arslanklinik.com\/tr\/wp-json\/wp\/v2\/media?parent=25554"}],"curies":[{"name":"wp","href":"https:\/\/api.w.org\/{rel}","templated":true}]}}