{"id":25538,"date":"2023-03-04T18:53:59","date_gmt":"2023-03-04T18:53:59","guid":{"rendered":"https:\/\/arslanklinik.com\/?page_id=25538"},"modified":"2023-07-24T06:33:48","modified_gmt":"2023-07-24T06:33:48","slug":"teeth-whitening","status":"publish","type":"page","link":"https:\/\/arslanklinik.com\/tr\/services-arslan-dental-clinic\/teeth-whitening\/","title":{"rendered":"Teeth Whitening"},"content":{"rendered":"<h1>Di\u015f Beyazlatma<\/h1>\n<p>T\u00fcrkiye&#8217;deki ilk di\u015f beyazlatma hizmetimize ho\u015f geldiniz! <a href=\"https:\/\/arslanklinik.com\/tr\/\">Arslan Di\u015f Klini\u011fi<\/a> olarak g\u00fcl\u00fcmsemenizin parlakl\u0131\u011f\u0131n\u0131 ve g\u00fczelli\u011fini artt\u0131rmaktan b\u00fcy\u00fck gurur duyuyoruz. Kendini i\u015fine adam\u0131\u015f deneyimli profesyonellerden olu\u015fan ekibimiz ola\u011fan\u00fcst\u00fc sonu\u00e7lar sunmaya ve memnuniyetinizi sa\u011flamaya kendini adam\u0131\u015ft\u0131r.<\/p>\n<p>Geli\u015fmi\u015f beyazlatma tekniklerimiz ve birinci s\u0131n\u0131f malzemelerimizle inat\u00e7\u0131 lekeleri ve renk bozulmalar\u0131n\u0131 etkili bir \u015fekilde ortadan kald\u0131rarak daha parlak, daha beyaz bir g\u00fcl\u00fcmseme ortaya \u00e7\u0131karabiliriz. G\u00fcvenli ve etkili tedavilerimiz, benzersiz ihtiya\u00e7lar\u0131n\u0131z\u0131 kar\u015f\u0131layacak \u015fekilde uyarlanm\u0131\u015ft\u0131r ve s\u00fcre\u00e7 boyunca konforunuzu \u00f6n planda tutarken en iyi sonu\u00e7lar\u0131 sa\u011flar.<\/p>\n<p>Amac\u0131m\u0131z, size g\u00fcven yayan ve en iyi benli\u011finizi ortaya \u00e7\u0131karan bir g\u00fcl\u00fcmseme sa\u011flamakt\u0131r. \u0130ster \u00f6zel bir g\u00fcn i\u00e7in haz\u0131rlan\u0131yor olun, ister sadece \u00f6zg\u00fcveninizi art\u0131rmak istiyor olun, di\u015f beyazlatma hizmetimiz m\u00fckemmel bir \u00e7\u00f6z\u00fcmd\u00fcr.<\/p>\n<p>Di\u015f beyazlatma hizmetinde <a href=\"https:\/\/arslanklinik.com\/tr\/doctor-yusuf-arslan\/\">Dr. Yusuf Arslan<\/a> ve profesyonel ekibinin d\u00f6n\u00fc\u015ft\u00fcr\u00fcc\u00fc g\u00fcc\u00fcn\u00fc deneyimleyin ve \u0131\u015f\u0131lt\u0131l\u0131 bir g\u00fcl\u00fcmsemenin yeni ke\u015ffedilen g\u00fcvenini kucaklay\u0131n. <a href=\"https:\/\/arslanklinik.com\/tr\/book-an-appointment\/\">Randevunuzu bug\u00fcn al\u0131n<\/a> ve yetenekli ekibimizin hak etti\u011finiz g\u00f6z kama\u015ft\u0131r\u0131c\u0131 g\u00fcl\u00fcmsemeye ula\u015fma yolculu\u011funuzda size rehberlik etmesine izin verin.<\/p>\n<p>M\u00fckemmelli\u011fe olan ba\u011fl\u0131l\u0131\u011f\u0131m\u0131z ve ki\u015fiselle\u015ftirilmi\u015f bak\u0131m\u0131m\u0131zla, g\u00fcl\u00fcmsemenizin emin ellerde oldu\u011funa g\u00fcvenebilirsiniz. Di\u015f beyazlatma hizmetimizin yaratabilece\u011fi fark\u0131 ke\u015ffedin ve daha parlak, daha \u00f6zg\u00fcvenli bir siz i\u00e7in ilk ad\u0131m\u0131 at\u0131n. G\u00fczel bir g\u00fcl\u00fc\u015fe giden yolculu\u011funuz burada ba\u015fl\u0131yor!<\/p>\n<p>\t\t\t\t\t\t\t\t\t\t\t\t\t\t\t<img loading=\"lazy\" decoding=\"async\" width=\"300\" height=\"300\" src=\"https:\/\/arslanklinik.com\/wp-content\/uploads\/2023\/03\/teeth-whitening-arslan-dental-klinik-yusuf-arslan-1-jpg-300x300.webp\" alt=\"teeth-whitening-arslan-dental-klinik-yusuf-arslan\" loading=\"lazy\" \/><br \/>\n\t\t\t\t\t\t\t\t\t\t\t\t\t\t\t<img loading=\"lazy\" decoding=\"async\" width=\"300\" height=\"203\" src=\"https:\/\/arslanklinik.com\/wp-content\/uploads\/2023\/03\/teeth-whitening-arslan-dental-klinik-yusuf-arslan-2-jpg-300x203.webp\" alt=\"teeth-whitening-arslan-dental-klinik-yusuf-arslan\" loading=\"lazy\" \/><br \/>\n\t\t\t\t\t\t\t\t\t\t\t\t\t\t\t<img loading=\"lazy\" decoding=\"async\" width=\"286\" height=\"176\" src=\"https:\/\/arslanklinik.com\/wp-content\/uploads\/2023\/03\/teeth-whitening-arslan-dental-klinik-yusuf-arslan-3.jpg\" alt=\"teeth-whitening-arslan-dental-klinik-yusuf-arslan\" loading=\"lazy\" \/><br \/>\n\t\t\t\t\t\t\t\t\t\t\t\t\t\t\t<img loading=\"lazy\" decoding=\"async\" width=\"284\" height=\"177\" src=\"https:\/\/arslanklinik.com\/wp-content\/uploads\/2023\/03\/teeth-whitening-arslan-dental-klinik-yusuf-arslan-4-jpg.webp\" alt=\"teeth-whitening-arslan-dental-klinik-yusuf-arslan\" loading=\"lazy\" \/><\/p>\n","protected":false},"excerpt":{"rendered":"<p>Di\u015f Beyazlatma T\u00fcrkiye&#8217;deki ilk di\u015f beyazlatma hizmetimize ho\u015f geldiniz! Arslan Di\u015f Klini\u011fi olarak g\u00fcl\u00fcmsemenizin parlakl\u0131\u011f\u0131n\u0131 ve g\u00fczelli\u011fini artt\u0131rmaktan b\u00fcy\u00fck gurur duyuyoruz. Kendini i\u015fine adam\u0131\u015f deneyimli profesyonellerden olu\u015fan ekibimiz ola\u011fan\u00fcst\u00fc sonu\u00e7lar sunmaya ve memnuniyetinizi sa\u011flamaya kendini adam\u0131\u015ft\u0131r. Geli\u015fmi\u015f beyazlatma tekniklerimiz ve birinci s\u0131n\u0131f malzemelerimizle inat\u00e7\u0131 lekeleri ve renk bozulmalar\u0131n\u0131 etkili bir \u015fekilde ortadan kald\u0131rarak daha parlak, [&hellip;]<\/p>\n","protected":false},"author":2,"featured_media":0,"parent":25205,"menu_order":0,"comment_status":"closed","ping_status":"closed","template":"","meta":{"_uag_custom_page_level_css":"","site-sidebar-layout":"no-sidebar","site-content-layout":"page-builder","ast-site-content-layout":"default","site-content-style":"default","site-sidebar-style":"default","ast-global-header-display":"","ast-banner-title-visibility":"","ast-main-header-display":"","ast-hfb-above-header-display":"","ast-hfb-below-header-display":"","ast-hfb-mobile-header-display":"","site-post-title":"disabled","ast-breadcrumbs-content":"","ast-featured-img":"disabled","footer-sml-layout":"","ast-disable-related-posts":"","theme-transparent-header-meta":"","adv-header-id-meta":"","stick-header-meta":"","header-above-stick-meta":"","header-main-stick-meta":"","header-below-stick-meta":"","astra-migrate-meta-layouts":"default","ast-page-background-enabled":"default","ast-page-background-meta":{"desktop":{"background-color":"","background-image":"","background-repeat":"repeat","background-position":"center center","background-size":"auto","background-attachment":"scroll","background-type":"","background-media":"","overlay-type":"","overlay-color":"","overlay-opacity":"","overlay-gradient":""},"tablet":{"background-color":"","background-image":"","background-repeat":"repeat","background-position":"center center","background-size":"auto","background-attachment":"scroll","background-type":"","background-media":"","overlay-type":"","overlay-color":"","overlay-opacity":"","overlay-gradient":""},"mobile":{"background-color":"","background-image":"","background-repeat":"repeat","background-position":"center center","background-size":"auto","background-attachment":"scroll","background-type":"","background-media":"","overlay-type":"","overlay-color":"","overlay-opacity":"","overlay-gradient":""}},"ast-content-background-meta":{"desktop":{"background-color":"var(--ast-global-color-5)","background-image":"","background-repeat":"repeat","background-position":"center center","background-size":"auto","background-attachment":"scroll","background-type":"","background-media":"","overlay-type":"","overlay-color":"","overlay-opacity":"","overlay-gradient":""},"tablet":{"background-color":"var(--ast-global-color-5)","background-image":"","background-repeat":"repeat","background-position":"center center","background-size":"auto","background-attachment":"scroll","background-type":"","background-media":"","overlay-type":"","overlay-color":"","overlay-opacity":"","overlay-gradient":""},"mobile":{"background-color":"var(--ast-global-color-5)","background-image":"","background-repeat":"repeat","background-position":"center center","background-size":"auto","background-attachment":"scroll","background-type":"","background-media":"","overlay-type":"","overlay-color":"","overlay-opacity":"","overlay-gradient":""}},"footnotes":""},"class_list":["post-25538","page","type-page","status-publish","hentry"],"translation":{"provider":"WPGlobus","version":"3.0.2","language":"tr","enabled_languages":["en","ar","tr"],"languages":{"en":{"title":true,"content":true,"excerpt":false},"ar":{"title":true,"content":true,"excerpt":false},"tr":{"title":false,"content":true,"excerpt":false}}},"uagb_featured_image_src":{"full":false,"thumbnail":false,"medium":false,"medium_large":false,"large":false,"1536x1536":false,"2048x2048":false},"uagb_author_info":{"display_name":"Dr.Yusuf Arslan","author_link":"https:\/\/arslanklinik.com\/tr\/author\/yusuf\/"},"uagb_comment_info":0,"uagb_excerpt":"Di\u015f Beyazlatma T\u00fcrkiye&#8217;deki ilk di\u015f beyazlatma hizmetimize ho\u015f geldiniz! Arslan Di\u015f Klini\u011fi olarak g\u00fcl\u00fcmsemenizin parlakl\u0131\u011f\u0131n\u0131 ve g\u00fczelli\u011fini artt\u0131rmaktan b\u00fcy\u00fck gurur duyuyoruz. Kendini i\u015fine adam\u0131\u015f deneyimli profesyonellerden olu\u015fan ekibimiz ola\u011fan\u00fcst\u00fc sonu\u00e7lar sunmaya ve memnuniyetinizi sa\u011flamaya kendini adam\u0131\u015ft\u0131r. Geli\u015fmi\u015f beyazlatma tekniklerimiz ve birinci s\u0131n\u0131f malzemelerimizle inat\u00e7\u0131 lekeleri ve renk bozulmalar\u0131n\u0131 etkili bir \u015fekilde ortadan kald\u0131rarak daha parlak,&hellip;","rttpg_featured_image_url":null,"rttpg_author":{"display_name":"Dr.Yusuf Arslan","author_link":"https:\/\/arslanklinik.com\/tr\/author\/yusuf\/"},"rttpg_comment":0,"rttpg_category":null,"rttpg_excerpt":"Di\u015f Beyazlatma T\u00fcrkiye&#8217;deki ilk di\u015f beyazlatma hizmetimize ho\u015f geldiniz! Arslan Di\u015f Klini\u011fi olarak g\u00fcl\u00fcmsemenizin parlakl\u0131\u011f\u0131n\u0131 ve g\u00fczelli\u011fini artt\u0131rmaktan b\u00fcy\u00fck gurur duyuyoruz. Kendini i\u015fine adam\u0131\u015f deneyimli profesyonellerden olu\u015fan ekibimiz ola\u011fan\u00fcst\u00fc sonu\u00e7lar sunmaya ve memnuniyetinizi sa\u011flamaya kendini adam\u0131\u015ft\u0131r. Geli\u015fmi\u015f beyazlatma tekniklerimiz ve birinci s\u0131n\u0131f malzemelerimizle inat\u00e7\u0131 lekeleri ve renk bozulmalar\u0131n\u0131 etkili bir \u015fekilde ortadan kald\u0131rarak daha parlak,&hellip;","_links":{"self":[{"href":"https:\/\/arslanklinik.com\/tr\/wp-json\/wp\/v2\/pages\/25538","targetHints":{"allow":["GET"]}}],"collection":[{"href":"https:\/\/arslanklinik.com\/tr\/wp-json\/wp\/v2\/pages"}],"about":[{"href":"https:\/\/arslanklinik.com\/tr\/wp-json\/wp\/v2\/types\/page"}],"author":[{"embeddable":true,"href":"https:\/\/arslanklinik.com\/tr\/wp-json\/wp\/v2\/users\/2"}],"replies":[{"embeddable":true,"href":"https:\/\/arslanklinik.com\/tr\/wp-json\/wp\/v2\/comments?post=25538"}],"version-history":[{"count":36,"href":"https:\/\/arslanklinik.com\/tr\/wp-json\/wp\/v2\/pages\/25538\/revisions"}],"predecessor-version":[{"id":27873,"href":"https:\/\/arslanklinik.com\/tr\/wp-json\/wp\/v2\/pages\/25538\/revisions\/27873"}],"up":[{"embeddable":true,"href":"https:\/\/arslanklinik.com\/tr\/wp-json\/wp\/v2\/pages\/25205"}],"wp:attachment":[{"href":"https:\/\/arslanklinik.com\/tr\/wp-json\/wp\/v2\/media?parent=25538"}],"curies":[{"name":"wp","href":"https:\/\/api.w.org\/{rel}","templated":true}]}}