{"id":25498,"date":"2023-03-04T18:41:32","date_gmt":"2023-03-04T18:41:32","guid":{"rendered":"https:\/\/arslanklinik.com\/?page_id=25498"},"modified":"2023-07-24T07:21:37","modified_gmt":"2023-07-24T07:21:37","slug":"dental-implants-2","status":"publish","type":"page","link":"https:\/\/arslanklinik.com\/tr\/services-arslan-dental-clinic\/dental-implants-2\/","title":{"rendered":"Dental implants"},"content":{"rendered":"<h1>Di\u015f implantlar\u0131<\/h1>\n<p>Di\u015f \u0130mplantlar\u0131 hizmetimize ho\u015f geldiniz, <a href=\"https:\/\/arslanklinik.com\/tr\/\">arslan Di\u015f Klini\u011fi<\/a>&#8216;nde eksik di\u015flerin yerine kal\u0131c\u0131 bir \u00e7\u00f6z\u00fcm sunuyoruz ve <a href=\"https:\/\/arslanklinik.com\/tr\/teeth-whitening\/\">g\u00fcl\u00fcmsemenizin g\u00fczelli\u011fi<\/a>ni ve i\u015flevselli\u011fini geri kazand\u0131r\u0131yoruz. Di\u015f implantlar\u0131, \u00e7ene kemi\u011fine cerrahi olarak yerle\u015ftirilen titanyum ala\u015f\u0131mlar\u0131 gibi malzemelerden yap\u0131lm\u0131\u015f biyouyumlu ankrajlard\u0131r.<\/p>\n<p><a href=\"https:\/\/arslanklinik.com\/tr\/doctor-yusuf-arslan\/\">Dr. Yusuf Arslan<\/a> ve deneyimli di\u015f hekimleri ekibi, implantlar\u0131n \u00e7ene kemi\u011fi ile kayna\u015fmas\u0131n\u0131 sa\u011flayarak, <a href=\"https:\/\/arslanklinik.com\/tr\/services-arslan-dental-clinic\/crowns-and-bridges-2\/\">kron veya k\u00f6pr\u00fcler<\/a> i\u00e7in sa\u011flam bir temel sa\u011flayarak, sorunsuz ve a\u011fr\u0131s\u0131z bir prosed\u00fcr sa\u011flar. Di\u015f implantlar\u0131 ile endi\u015fe duymadan g\u00fcvenle yemek yiyebilir, konu\u015fabilir ve g\u00fcl\u00fcmseyebilirsiniz.<\/p>\n<p>Y\u00fcz yap\u0131n\u0131z\u0131 koruyan ve kemik kayb\u0131n\u0131 \u00f6nleyen do\u011fal g\u00f6r\u00fcn\u00fcml\u00fc ve uzun \u00f6m\u00fcrl\u00fc bir \u00e7\u00f6z\u00fcm\u00fcn avantajlar\u0131ndan yararlan\u0131n. Ki\u015fiselle\u015ftirilmi\u015f yakla\u015f\u0131m\u0131m\u0131z, her implant\u0131n benzersiz ihtiya\u00e7lar\u0131n\u0131za uyacak \u015fekilde \u00f6zelle\u015ftirilmesini sa\u011flayarak g\u00fczel ve uyumlu bir g\u00fcl\u00fcmseme yarat\u0131r.<\/p>\n<p>\u0130ster tek bir di\u015f de\u011fi\u015fimine, ister birden fazla implanta ihtiyac\u0131n\u0131z olsun, daha sa\u011fl\u0131kl\u0131 ve kendinize daha g\u00fcvenli bir hale gelme yolculu\u011funuzda size rehberlik etmek i\u00e7in buraday\u0131z. Birinci s\u0131n\u0131f di\u015f implantlar\u0131 hizmetimizle \u00f6zg\u00fcveninizi ve a\u011f\u0131z i\u015flevinizi yeniden kazan\u0131n.<\/p>\n<p>Eksik di\u015flerinizin ya\u015fam kalitenizi etkilemesine izin vermeyin. <a href=\"https:\/\/arslanklinik.com\/tr\/book-an-appointment\/\">Dan\u0131\u015fmanl\u0131k randevunuzu bug\u00fcn al\u0131n<\/a> ve dental implantlar\u0131n d\u00f6n\u00fc\u015ft\u00fcr\u00fcc\u00fc g\u00fcc\u00fcn\u00fc ke\u015ffedin. \u00d6m\u00fcr boyu s\u00fcrecek \u0131\u015f\u0131lt\u0131l\u0131 bir g\u00fcl\u00fcmsemeye kavu\u015fman\u0131za yard\u0131mc\u0131 olmak i\u00e7in sab\u0131rs\u0131zlan\u0131yoruz. Memnuniyetiniz bizim \u00f6nceli\u011fimizdir!<\/p>\n<p>\t\t\t\t\t\t\t\t\t\t\t\t\t\t\t<img loading=\"lazy\" decoding=\"async\" width=\"300\" height=\"297\" src=\"https:\/\/arslanklinik.com\/wp-content\/uploads\/2023\/03\/dental-implants-arslan-klinik-yusuf-arslan-1-jpg-300x297.webp\" alt=\"dental-implants-arslan-klinik-yusuf-arslan\" loading=\"lazy\" \/><br \/>\n\t\t\t\t\t\t\t\t\t\t\t\t\t\t\t<img loading=\"lazy\" decoding=\"async\" width=\"300\" height=\"280\" src=\"https:\/\/arslanklinik.com\/wp-content\/uploads\/2023\/03\/dental-implants-arslan-klinik-yusuf-arslan-2-jpg-300x280.webp\" alt=\"dental-implants-arslan-klinik-yusuf-arslan\" loading=\"lazy\" \/><br \/>\n\t\t\t\t\t\t\t\t\t\t\t\t\t\t\t<img loading=\"lazy\" decoding=\"async\" width=\"225\" height=\"300\" src=\"https:\/\/arslanklinik.com\/wp-content\/uploads\/2023\/03\/dental-implants-arslan-klinik-yusuf-arslan-3-jpg-225x300.webp\" alt=\"dental-implants-arslan-klinik-yusuf-arslan\" loading=\"lazy\" \/><br \/>\n\t\t\t\t\t\t\t\t\t\t\t\t\t\t\t<img loading=\"lazy\" decoding=\"async\" width=\"225\" height=\"300\" src=\"https:\/\/arslanklinik.com\/wp-content\/uploads\/2023\/03\/dental-implants-arslan-klinik-yusuf-arslan-4-jpg-225x300.webp\" alt=\"dental-implants-arslan-klinik-yusuf-arslan\" loading=\"lazy\" \/><br \/>\n\t\t\t\t\t\t\t\t\t\t\t\t\t\t\t<img loading=\"lazy\" decoding=\"async\" width=\"276\" height=\"300\" src=\"https:\/\/arslanklinik.com\/wp-content\/uploads\/2023\/03\/dental-implants-arslan-klinik-yusuf-arslan-5-jpg-276x300.webp\" alt=\"dental-implants-arslan-klinik-yusuf-arslan\" loading=\"lazy\" \/><br \/>\n\t\t\t\t\t\t\t\t\t\t\t\t\t\t\t<img loading=\"lazy\" decoding=\"async\" width=\"1024\" height=\"1003\" src=\"https:\/\/arslanklinik.com\/wp-content\/uploads\/2023\/03\/dental-implants-arslan-klinik-yusuf-arslan-6-jpg.webp\" alt=\"dental-implants-arslan-klinik-yusuf-arslan\" loading=\"lazy\" \/><br \/>\n\t\t\t\t\t\t\t\t\t\t\t\t\t\t\t<img loading=\"lazy\" decoding=\"async\" width=\"300\" height=\"300\" src=\"https:\/\/arslanklinik.com\/wp-content\/uploads\/2023\/03\/dental-implants-arslan-klinik-yusuf-arslan-7-jpg-300x300.webp\" alt=\"dental-implants-arslan-klinik-yusuf-arslan\" loading=\"lazy\" \/><br \/>\n\t\t\t\t\t\t\t\t\t\t\t\t\t\t\t<img loading=\"lazy\" decoding=\"async\" width=\"300\" height=\"300\" src=\"https:\/\/arslanklinik.com\/wp-content\/uploads\/2023\/03\/dental-implants-arslan-klinik-yusuf-arslan-8-jpg-300x300.webp\" alt=\"dental-implants-arslan-klinik-yusuf-arslan\" loading=\"lazy\" \/><br \/>\n\t\t\t\t\t\t\t\t\t\t\t\t\t\t\t<img loading=\"lazy\" decoding=\"async\" width=\"300\" height=\"300\" src=\"https:\/\/arslanklinik.com\/wp-content\/uploads\/2023\/03\/dental-implants-arslan-klinik-yusuf-arslan-9-jpg-300x300.webp\" alt=\"dental-implants-arslan-klinik-yusuf-arslan\" loading=\"lazy\" \/><br \/>\n\t\t\t\t\t\t\t\t\t\t\t\t\t\t\t<img loading=\"lazy\" decoding=\"async\" width=\"300\" height=\"300\" src=\"https:\/\/arslanklinik.com\/wp-content\/uploads\/2023\/03\/dental-implants-arslan-klinik-yusuf-arslan-10-jpg-300x300.webp\" alt=\"dental-implants-arslan-klinik-yusuf-arslan\" loading=\"lazy\" \/><br \/>\n\t\t\t\t\t\t\t\t\t\t\t\t\t\t\t<img loading=\"lazy\" decoding=\"async\" width=\"300\" height=\"300\" src=\"https:\/\/arslanklinik.com\/wp-content\/uploads\/2023\/03\/dental-implants-arslan-klinik-yusuf-arslan-11-jpg-300x300.webp\" alt=\"dental-implants-arslan-klinik-yusuf-arslan\" loading=\"lazy\" \/><br \/>\n\t\t\t\t\t\t\t\t\t\t\t\t\t\t\t<img loading=\"lazy\" decoding=\"async\" width=\"300\" height=\"300\" src=\"https:\/\/arslanklinik.com\/wp-content\/uploads\/2023\/03\/dental-implants-arslan-klinik-yusuf-arslan-12-jpg-300x300.webp\" alt=\"dental-implants-arslan-klinik-yusuf-arslan\" loading=\"lazy\" \/><br \/>\n\t\t\t\t\t\t\t\t\t\t\t\t\t\t\t<img loading=\"lazy\" decoding=\"async\" width=\"254\" height=\"300\" src=\"https:\/\/arslanklinik.com\/wp-content\/uploads\/2023\/03\/dental-implants-arslan-klinik-yusuf-arslan-13-jpg-254x300.webp\" alt=\"dental-implants-arslan-klinik-yusuf-arslan\" loading=\"lazy\" \/><br \/>\n\t\t\t\t\t\t\t\t\t\t\t\t\t\t\t<img loading=\"lazy\" decoding=\"async\" width=\"300\" height=\"300\" src=\"https:\/\/arslanklinik.com\/wp-content\/uploads\/2023\/03\/dental-implants-arslan-klinik-yusuf-arslan-14-jpg-300x300.webp\" alt=\"dental-implants-arslan-klinik-yusuf-arslan\" loading=\"lazy\" \/><br \/>\n\t\t\t\t\t\t\t\t\t\t\t\t\t\t\t<img loading=\"lazy\" decoding=\"async\" width=\"233\" height=\"300\" src=\"https:\/\/arslanklinik.com\/wp-content\/uploads\/2023\/03\/dental-implants-arslan-klinik-yusuf-arslan-15-jpg-233x300.webp\" alt=\"dental-implants-arslan-klinik-yusuf-arslan\" loading=\"lazy\" \/><br \/>\n\t\t\t\t\t\t\t\t\t\t\t\t\t\t\t<img loading=\"lazy\" decoding=\"async\" width=\"255\" height=\"300\" src=\"https:\/\/arslanklinik.com\/wp-content\/uploads\/2023\/03\/dental-implants-arslan-klinik-yusuf-arslan-16-jpg-255x300.webp\" alt=\"dental-implants-arslan-klinik-yusuf-arslan\" loading=\"lazy\" \/><br \/>\n\t\t\t\t\t\t\t\t\t\t\t\t\t\t\t<img loading=\"lazy\" decoding=\"async\" width=\"300\" height=\"300\" src=\"https:\/\/arslanklinik.com\/wp-content\/uploads\/2023\/03\/dental-implants-arslan-klinik-yusuf-arslan-17-jpg-300x300.webp\" alt=\"dental-implants-arslan-klinik-yusuf-arslan\" loading=\"lazy\" \/><br \/>\n\t\t\t\t\t\t\t\t\t\t\t\t\t\t\t<img loading=\"lazy\" decoding=\"async\" width=\"300\" height=\"300\" src=\"https:\/\/arslanklinik.com\/wp-content\/uploads\/2023\/03\/dental-implants-arslan-klinik-yusuf-arslan-18-jpg-300x300.webp\" alt=\"dental-implants-arslan-klinik-yusuf-arslan\" loading=\"lazy\" \/><\/p>\n","protected":false},"excerpt":{"rendered":"<p>Di\u015f implantlar\u0131 Di\u015f \u0130mplantlar\u0131 hizmetimize ho\u015f geldiniz, arslan Di\u015f Klini\u011fi&#8216;nde eksik di\u015flerin yerine kal\u0131c\u0131 bir \u00e7\u00f6z\u00fcm sunuyoruz ve g\u00fcl\u00fcmsemenizin g\u00fczelli\u011fini ve i\u015flevselli\u011fini geri kazand\u0131r\u0131yoruz. Di\u015f implantlar\u0131, \u00e7ene kemi\u011fine cerrahi olarak yerle\u015ftirilen titanyum ala\u015f\u0131mlar\u0131 gibi malzemelerden yap\u0131lm\u0131\u015f biyouyumlu ankrajlard\u0131r. Dr. Yusuf Arslan ve deneyimli di\u015f hekimleri ekibi, implantlar\u0131n \u00e7ene kemi\u011fi ile kayna\u015fmas\u0131n\u0131 sa\u011flayarak, kron veya k\u00f6pr\u00fcler [&hellip;]<\/p>\n","protected":false},"author":2,"featured_media":0,"parent":25205,"menu_order":0,"comment_status":"closed","ping_status":"closed","template":"","meta":{"_uag_custom_page_level_css":"","site-sidebar-layout":"no-sidebar","site-content-layout":"page-builder","ast-site-content-layout":"default","site-content-style":"default","site-sidebar-style":"default","ast-global-header-display":"","ast-banner-title-visibility":"","ast-main-header-display":"","ast-hfb-above-header-display":"","ast-hfb-below-header-display":"","ast-hfb-mobile-header-display":"","site-post-title":"disabled","ast-breadcrumbs-content":"","ast-featured-img":"disabled","footer-sml-layout":"","ast-disable-related-posts":"","theme-transparent-header-meta":"","adv-header-id-meta":"","stick-header-meta":"","header-above-stick-meta":"","header-main-stick-meta":"","header-below-stick-meta":"","astra-migrate-meta-layouts":"default","ast-page-background-enabled":"default","ast-page-background-meta":{"desktop":{"background-color":"","background-image":"","background-repeat":"repeat","background-position":"center center","background-size":"auto","background-attachment":"scroll","background-type":"","background-media":"","overlay-type":"","overlay-color":"","overlay-opacity":"","overlay-gradient":""},"tablet":{"background-color":"","background-image":"","background-repeat":"repeat","background-position":"center center","background-size":"auto","background-attachment":"scroll","background-type":"","background-media":"","overlay-type":"","overlay-color":"","overlay-opacity":"","overlay-gradient":""},"mobile":{"background-color":"","background-image":"","background-repeat":"repeat","background-position":"center center","background-size":"auto","background-attachment":"scroll","background-type":"","background-media":"","overlay-type":"","overlay-color":"","overlay-opacity":"","overlay-gradient":""}},"ast-content-background-meta":{"desktop":{"background-color":"var(--ast-global-color-5)","background-image":"","background-repeat":"repeat","background-position":"center center","background-size":"auto","background-attachment":"scroll","background-type":"","background-media":"","overlay-type":"","overlay-color":"","overlay-opacity":"","overlay-gradient":""},"tablet":{"background-color":"var(--ast-global-color-5)","background-image":"","background-repeat":"repeat","background-position":"center center","background-size":"auto","background-attachment":"scroll","background-type":"","background-media":"","overlay-type":"","overlay-color":"","overlay-opacity":"","overlay-gradient":""},"mobile":{"background-color":"var(--ast-global-color-5)","background-image":"","background-repeat":"repeat","background-position":"center center","background-size":"auto","background-attachment":"scroll","background-type":"","background-media":"","overlay-type":"","overlay-color":"","overlay-opacity":"","overlay-gradient":""}},"footnotes":""},"class_list":["post-25498","page","type-page","status-publish","hentry"],"translation":{"provider":"WPGlobus","version":"3.0.2","language":"tr","enabled_languages":["en","ar","tr"],"languages":{"en":{"title":true,"content":true,"excerpt":false},"ar":{"title":true,"content":true,"excerpt":false},"tr":{"title":false,"content":true,"excerpt":false}}},"uagb_featured_image_src":{"full":false,"thumbnail":false,"medium":false,"medium_large":false,"large":false,"1536x1536":false,"2048x2048":false},"uagb_author_info":{"display_name":"Dr.Yusuf Arslan","author_link":"https:\/\/arslanklinik.com\/tr\/author\/yusuf\/"},"uagb_comment_info":0,"uagb_excerpt":"Di\u015f implantlar\u0131 Di\u015f \u0130mplantlar\u0131 hizmetimize ho\u015f geldiniz, arslan Di\u015f Klini\u011fi&#8216;nde eksik di\u015flerin yerine kal\u0131c\u0131 bir \u00e7\u00f6z\u00fcm sunuyoruz ve g\u00fcl\u00fcmsemenizin g\u00fczelli\u011fini ve i\u015flevselli\u011fini geri kazand\u0131r\u0131yoruz. Di\u015f implantlar\u0131, \u00e7ene kemi\u011fine cerrahi olarak yerle\u015ftirilen titanyum ala\u015f\u0131mlar\u0131 gibi malzemelerden yap\u0131lm\u0131\u015f biyouyumlu ankrajlard\u0131r. Dr. Yusuf Arslan ve deneyimli di\u015f hekimleri ekibi, implantlar\u0131n \u00e7ene kemi\u011fi ile kayna\u015fmas\u0131n\u0131 sa\u011flayarak, kron veya k\u00f6pr\u00fcler&hellip;","rttpg_featured_image_url":null,"rttpg_author":{"display_name":"Dr.Yusuf Arslan","author_link":"https:\/\/arslanklinik.com\/tr\/author\/yusuf\/"},"rttpg_comment":0,"rttpg_category":null,"rttpg_excerpt":"Di\u015f implantlar\u0131 Di\u015f \u0130mplantlar\u0131 hizmetimize ho\u015f geldiniz, arslan Di\u015f Klini\u011fi&#8216;nde eksik di\u015flerin yerine kal\u0131c\u0131 bir \u00e7\u00f6z\u00fcm sunuyoruz ve g\u00fcl\u00fcmsemenizin g\u00fczelli\u011fini ve i\u015flevselli\u011fini geri kazand\u0131r\u0131yoruz. Di\u015f implantlar\u0131, \u00e7ene kemi\u011fine cerrahi olarak yerle\u015ftirilen titanyum ala\u015f\u0131mlar\u0131 gibi malzemelerden yap\u0131lm\u0131\u015f biyouyumlu ankrajlard\u0131r. Dr. Yusuf Arslan ve deneyimli di\u015f hekimleri ekibi, implantlar\u0131n \u00e7ene kemi\u011fi ile kayna\u015fmas\u0131n\u0131 sa\u011flayarak, kron veya k\u00f6pr\u00fcler&hellip;","_links":{"self":[{"href":"https:\/\/arslanklinik.com\/tr\/wp-json\/wp\/v2\/pages\/25498","targetHints":{"allow":["GET"]}}],"collection":[{"href":"https:\/\/arslanklinik.com\/tr\/wp-json\/wp\/v2\/pages"}],"about":[{"href":"https:\/\/arslanklinik.com\/tr\/wp-json\/wp\/v2\/types\/page"}],"author":[{"embeddable":true,"href":"https:\/\/arslanklinik.com\/tr\/wp-json\/wp\/v2\/users\/2"}],"replies":[{"embeddable":true,"href":"https:\/\/arslanklinik.com\/tr\/wp-json\/wp\/v2\/comments?post=25498"}],"version-history":[{"count":27,"href":"https:\/\/arslanklinik.com\/tr\/wp-json\/wp\/v2\/pages\/25498\/revisions"}],"predecessor-version":[{"id":27897,"href":"https:\/\/arslanklinik.com\/tr\/wp-json\/wp\/v2\/pages\/25498\/revisions\/27897"}],"up":[{"embeddable":true,"href":"https:\/\/arslanklinik.com\/tr\/wp-json\/wp\/v2\/pages\/25205"}],"wp:attachment":[{"href":"https:\/\/arslanklinik.com\/tr\/wp-json\/wp\/v2\/media?parent=25498"}],"curies":[{"name":"wp","href":"https:\/\/api.w.org\/{rel}","templated":true}]}}