{"id":25471,"date":"2023-03-04T18:26:03","date_gmt":"2023-03-04T18:26:03","guid":{"rendered":"https:\/\/arslanklinik.com\/?page_id=25471"},"modified":"2023-07-24T07:04:16","modified_gmt":"2023-07-24T07:04:16","slug":"restorative-dental-treatment-dental-fillings-2","status":"publish","type":"page","link":"https:\/\/arslanklinik.com\/tr\/services-arslan-dental-clinic\/restorative-dental-treatment-dental-fillings-2\/","title":{"rendered":"Restorative dental treatment (dental fillings)"},"content":{"rendered":"<h1>Restoratif di\u015f tedavisi <br \/>(di\u015f dolgular\u0131)<\/h1>\n<p>Restoratif Di\u015f Tedavisi (Di\u015f Dolgular\u0131) hizmetimize ho\u015f geldiniz! <a href=\"https:\/\/arslanklinik.com\/tr\/\">Arslan Di\u015f Klini\u011fi<\/a> olarak a\u011f\u0131z sa\u011fl\u0131\u011f\u0131n\u0131z\u0131 koruman\u0131n \u00f6nemini ve bunun genel sa\u011fl\u0131\u011f\u0131n\u0131z \u00fczerindeki etkisini anl\u0131yoruz. Bu nedenle yetenekli ekibimiz, geli\u015fmi\u015f di\u015f dolgular\u0131 yoluyla di\u015flerinizin g\u00fcc\u00fcn\u00fc, i\u015flevini ve esteti\u011fini geri kazanmaya kendini adam\u0131\u015ft\u0131r.<\/p>\n<p>\u00c7\u00fcr\u00fckleriniz, \u00e7\u00fcr\u00fcm\u00fc\u015f di\u015fleriniz veya k\u00fc\u00e7\u00fck bir hasar\u0131n\u0131z olsun, restoratif yakla\u015f\u0131m\u0131m\u0131z di\u015flerinizin en iyi durumlar\u0131na geri getirilmesini sa\u011flar. Di\u015f dolgular\u0131m\u0131z, dayan\u0131kl\u0131, uzun \u00f6m\u00fcrl\u00fc olacak ve di\u015flerinizin do\u011fal rengiyle kusursuz bir \u015fekilde kar\u0131\u015farak g\u00fczel ve uyumlu bir g\u00fcl\u00fcmseme yaratacak \u015fekilde tasarlanm\u0131\u015ft\u0131r.<\/p>\n<p>T\u00fcm s\u00fcre\u00e7 boyunca rahat\u0131n\u0131za ve esenli\u011finize \u00f6ncelik vererek, herhangi bir rahats\u0131zl\u0131\u011f\u0131 veya endi\u015feyi en aza indiren a\u011fr\u0131s\u0131z ve etkili prosed\u00fcrler sunuyoruz. <a href=\"https:\/\/arslanklinik.com\/tr\/doctor-yusuf-arslan\/\">Dr. Yusuf Arslan<\/a> ve deneyimli ekibi, di\u015f ihtiya\u00e7lar\u0131n\u0131z\u0131 dikkatlice de\u011ferlendirecek ve benzersiz durumunuza g\u00f6re ki\u015fiselle\u015ftirilmi\u015f tedavi planlar\u0131 sunacakt\u0131r.<\/p>\n<p>Restoratif di\u015f tedavimiz ile di\u015flerinizin tam i\u015flevselli\u011fini geri kazanabilir ve do\u011fal g\u00fczelli\u011fini koruyabilirsiniz. Di\u015f dolgular\u0131m\u0131z sadece a\u011f\u0131z sa\u011fl\u0131\u011f\u0131n\u0131z\u0131 iyile\u015ftirmekle kalmaz, ayn\u0131 zamanda g\u00fcl\u00fcmsemenizin g\u00f6r\u00fcn\u00fcm\u00fcn\u00fc de iyile\u015ftirerek g\u00fcveninizi ve benlik sayg\u0131n\u0131z\u0131 art\u0131r\u0131r.<\/p>\n<p>M\u00fckemmellik taahh\u00fcd\u00fcm\u00fcz\u00fcn bir par\u00e7as\u0131 olarak, m\u00fcmk\u00fcn olan en iyi sonu\u00e7lar\u0131 elde etmek i\u00e7in yaln\u0131zca y\u00fcksek kaliteli malzemeler ve en son <a href=\"https:\/\/arslanklinik.com\/tr\/services-arslan-dental-clinic\/\">dental teknikleri<\/a> kullan\u0131yoruz. Memnuniyetiniz bizim \u00f6nceli\u011fimizdir ve beklentilerinizi a\u015fan ola\u011fan\u00fcst\u00fc <a href=\"https:\/\/arslanklinik.com\/tr\/services-arslan-dental-clinic\/scheduled-care-of-gingiva-and-teeth-2\/\">di\u015f bak\u0131m\u0131<\/a> sunmak i\u00e7in \u00e7al\u0131\u015f\u0131yoruz.<\/p>\n<p>\u00c7\u00fcr\u00fcklerin veya k\u00fc\u00e7\u00fck di\u015f sorunlar\u0131n\u0131n sizi sa\u011fl\u0131kl\u0131 ve g\u00fczel bir g\u00fcl\u00fcmseme elde etmekten al\u0131koymas\u0131na izin vermeyin. <a href=\"https:\/\/arslanklinik.com\/tr\/book-an-appointment\/\">Randevunuzu bug\u00fcn al\u0131n<\/a> ve restoratif di\u015f tedavimizle g\u00fcl\u00fc\u015f\u00fcn\u00fcz\u00fc gen\u00e7le\u015ftirelim. Hak etti\u011finiz <a href=\"https:\/\/arslanklinik.com\/tr\/teeth-whitening\/\">\u0131\u015f\u0131lt\u0131l\u0131 g\u00fcl\u00fc\u015fe<\/a> kavu\u015fman\u0131za yard\u0131mc\u0131 olmak i\u00e7in sab\u0131rs\u0131zlan\u0131yoruz!<\/p>\n<p>\t\t\t\t\t\t\t\t\t\t\t\t\t\t\t<img loading=\"lazy\" decoding=\"async\" width=\"1024\" height=\"1024\" src=\"https:\/\/arslanklinik.com\/wp-content\/uploads\/2023\/03\/Restorative-dental-treatment-dental-fillings-arslan-klinik-yusuf-arslan-1-jpg-1024x1024.webp\" alt=\"Restorative dental treatment (dental fillings)-arslan-klinik-yusuf-arslan\" loading=\"lazy\" \/><br \/>\n\t\t\t\t\t\t\t\t\t\t\t\t\t\t\t<img loading=\"lazy\" decoding=\"async\" width=\"1024\" height=\"771\" src=\"https:\/\/arslanklinik.com\/wp-content\/uploads\/2023\/03\/Restorative-dental-treatment-dental-fillings-arslan-klinik-yusuf-arslan-2-jpg.webp\" alt=\"Restorative dental treatment (dental fillings)-arslan-klinik-yusuf-arslan\" loading=\"lazy\" \/><br \/>\n\t\t\t\t\t\t\t\t\t\t\t\t\t\t\t<img loading=\"lazy\" decoding=\"async\" width=\"892\" height=\"1024\" src=\"https:\/\/arslanklinik.com\/wp-content\/uploads\/2023\/03\/Restorative-dental-treatment-dental-fillings-arslan-klinik-yusuf-arslan-3-jpg.webp\" alt=\"Restorative dental treatment (dental fillings)-arslan-klinik-yusuf-arslan\" loading=\"lazy\" \/><br \/>\n\t\t\t\t\t\t\t\t\t\t\t\t\t\t\t<img loading=\"lazy\" decoding=\"async\" width=\"990\" height=\"1024\" src=\"https:\/\/arslanklinik.com\/wp-content\/uploads\/2023\/03\/Restorative-dental-treatment-dental-fillings-arslan-klinik-yusuf-arslan-4-jpg.webp\" alt=\"Restorative dental treatment (dental fillings)-arslan-klinik-yusuf-arslan\" loading=\"lazy\" \/><br \/>\n\t\t\t\t\t\t\t\t\t\t\t\t\t\t\t<img loading=\"lazy\" decoding=\"async\" width=\"952\" height=\"1024\" src=\"https:\/\/arslanklinik.com\/wp-content\/uploads\/2023\/03\/Restorative-dental-treatment-dental-fillings-arslan-klinik-yusuf-arslan-5-jpg.webp\" alt=\"Restorative dental treatment (dental fillings)-arslan-klinik-yusuf-arslan\" loading=\"lazy\" \/><br \/>\n\t\t\t\t\t\t\t\t\t\t\t\t\t\t\t<img loading=\"lazy\" decoding=\"async\" width=\"1024\" height=\"992\" src=\"https:\/\/arslanklinik.com\/wp-content\/uploads\/2023\/03\/Restorative-dental-treatment-dental-fillings-arslan-klinik-yusuf-arslan-6-jpg.webp\" alt=\"Restorative dental treatment (dental fillings)-arslan-klinik-yusuf-arslan\" loading=\"lazy\" \/><br \/>\n\t\t\t\t\t\t\t\t\t\t\t\t\t\t\t<img loading=\"lazy\" decoding=\"async\" width=\"1024\" height=\"1024\" src=\"https:\/\/arslanklinik.com\/wp-content\/uploads\/2023\/03\/Restorative-dental-treatment-dental-fillings-arslan-klinik-yusuf-arslan-7-jpg-1024x1024.webp\" alt=\"Restorative dental treatment (dental fillings)-arslan-klinik-yusuf-arslan\" loading=\"lazy\" \/><br \/>\n\t\t\t\t\t\t\t\t\t\t\t\t\t\t\t<img loading=\"lazy\" decoding=\"async\" width=\"1024\" height=\"1024\" src=\"https:\/\/arslanklinik.com\/wp-content\/uploads\/2023\/03\/Restorative-dental-treatment-dental-fillings-arslan-klinik-yusuf-arslan-8-jpg-1024x1024.webp\" alt=\"Restorative dental treatment (dental fillings)-arslan-klinik-yusuf-arslan\" loading=\"lazy\" \/><br \/>\n\t\t\t\t\t\t\t\t\t\t\t\t\t\t\t<img loading=\"lazy\" decoding=\"async\" width=\"1024\" height=\"1024\" src=\"https:\/\/arslanklinik.com\/wp-content\/uploads\/2023\/03\/Restorative-dental-treatment-dental-fillings-arslan-klinik-yusuf-arslan-9-jpg-1024x1024.webp\" alt=\"Restorative dental treatment (dental fillings)-arslan-klinik-yusuf-arslan\" loading=\"lazy\" \/><br \/>\n\t\t\t\t\t\t\t\t\t\t\t\t\t\t\t<img loading=\"lazy\" decoding=\"async\" width=\"315\" height=\"315\" src=\"https:\/\/arslanklinik.com\/wp-content\/uploads\/2023\/03\/Restorative-dental-treatment-dental-fillings-arslan-klinik-yusuf-arslan-10-jpg.webp\" alt=\"Restorative dental treatment (dental fillings)-arslan-klinik-yusuf-arslan\" loading=\"lazy\" \/><br \/>\n\t\t\t\t\t\t\t\t\t\t\t\t\t\t\t<img loading=\"lazy\" decoding=\"async\" width=\"1024\" height=\"1024\" src=\"https:\/\/arslanklinik.com\/wp-content\/uploads\/2023\/03\/Restorative-dental-treatment-dental-fillings-arslan-klinik-yusuf-arslan-11-jpg-1024x1024.webp\" alt=\"Restorative dental treatment (dental fillings)-arslan-klinik-yusuf-arslan\" loading=\"lazy\" \/><br \/>\n\t\t\t\t\t\t\t\t\t\t\t\t\t\t\t<img loading=\"lazy\" decoding=\"async\" width=\"1024\" height=\"1024\" src=\"https:\/\/arslanklinik.com\/wp-content\/uploads\/2023\/03\/Restorative-dental-treatment-dental-fillings-arslan-klinik-yusuf-arslan-12-jpg-1024x1024.webp\" alt=\"Restorative dental treatment (dental fillings)-arslan-klinik-yusuf-arslan\" loading=\"lazy\" \/><br \/>\n\t\t\t\t\t\t\t\t\t\t\t\t\t\t\t<img loading=\"lazy\" decoding=\"async\" width=\"948\" height=\"1024\" src=\"https:\/\/arslanklinik.com\/wp-content\/uploads\/2023\/03\/Restorative-dental-treatment-dental-fillings-arslan-klinik-yusuf-arslan-13-jpg.webp\" alt=\"Restorative dental treatment (dental fillings)-arslan-klinik-yusuf-arslan\" loading=\"lazy\" \/><br \/>\n\t\t\t\t\t\t\t\t\t\t\t\t\t\t\t<img loading=\"lazy\" decoding=\"async\" width=\"1024\" height=\"1024\" src=\"https:\/\/arslanklinik.com\/wp-content\/uploads\/2023\/03\/Restorative-dental-treatment-dental-fillings-arslan-klinik-yusuf-arslan-14-jpg-1024x1024.webp\" alt=\"Restorative dental treatment (dental fillings)-arslan-klinik-yusuf-arslan\" loading=\"lazy\" \/><br \/>\n\t\t\t\t\t\t\t\t\t\t\t\t\t\t\t<img loading=\"lazy\" decoding=\"async\" width=\"1024\" height=\"1024\" src=\"https:\/\/arslanklinik.com\/wp-content\/uploads\/2023\/03\/Restorative-dental-treatment-dental-fillings-arslan-klinik-yusuf-arslan-15-jpg-1024x1024.webp\" alt=\"Restorative dental treatment (dental fillings)-arslan-klinik-yusuf-arslan\" loading=\"lazy\" \/><br \/>\n\t\t\t\t\t\t\t\t\t\t\t\t\t\t\t<img loading=\"lazy\" decoding=\"async\" width=\"1024\" height=\"1024\" src=\"https:\/\/arslanklinik.com\/wp-content\/uploads\/2023\/03\/Restorative-dental-treatment-dental-fillings-arslan-klinik-yusuf-arslan-16-jpg-1024x1024.webp\" alt=\"Restorative dental treatment (dental fillings)-arslan-klinik-yusuf-arslan\" loading=\"lazy\" \/><br \/>\n\t\t\t\t\t\t\t\t\t\t\t\t\t\t\t<img loading=\"lazy\" decoding=\"async\" width=\"1024\" height=\"1024\" src=\"https:\/\/arslanklinik.com\/wp-content\/uploads\/2023\/03\/Restorative-dental-treatment-dental-fillings-arslan-klinik-yusuf-arslan-17-jpg-1024x1024.webp\" alt=\"Restorative dental treatment (dental fillings)-arslan-klinik-yusuf-arslan\" loading=\"lazy\" \/><br \/>\n\t\t\t\t\t\t\t\t\t\t\t\t\t\t\t<img loading=\"lazy\" decoding=\"async\" width=\"1024\" height=\"1024\" src=\"https:\/\/arslanklinik.com\/wp-content\/uploads\/2023\/03\/Restorative-dental-treatment-dental-fillings-arslan-klinik-yusuf-arslan-18-jpg-1024x1024.webp\" alt=\"Restorative dental treatment (dental fillings)-arslan-klinik-yusuf-arslan\" loading=\"lazy\" \/><br \/>\n\t\t\t\t\t\t\t\t\t\t\t\t\t\t\t<img loading=\"lazy\" decoding=\"async\" width=\"300\" height=\"300\" src=\"https:\/\/arslanklinik.com\/wp-content\/uploads\/2023\/03\/Restorative-dental-treatment-dental-fillings-arslan-klinik-yusuf-arslan-19-jpg-300x300.webp\" alt=\"Restorative dental treatment (dental fillings)-arslan-klinik-yusuf-arslan\" loading=\"lazy\" \/><br \/>\n\t\t\t\t\t\t\t\t\t\t\t\t\t\t\t<img loading=\"lazy\" decoding=\"async\" width=\"300\" height=\"300\" src=\"https:\/\/arslanklinik.com\/wp-content\/uploads\/2023\/03\/Restorative-dental-treatment-dental-fillings-arslan-klinik-yusuf-arslan-20-jpg-300x300.webp\" alt=\"Restorative dental treatment (dental fillings)-arslan-klinik-yusuf-arslan\" loading=\"lazy\" \/><\/p>\n","protected":false},"excerpt":{"rendered":"<p>Restoratif di\u015f tedavisi (di\u015f dolgular\u0131) Restoratif Di\u015f Tedavisi (Di\u015f Dolgular\u0131) hizmetimize ho\u015f geldiniz! Arslan Di\u015f Klini\u011fi olarak a\u011f\u0131z sa\u011fl\u0131\u011f\u0131n\u0131z\u0131 koruman\u0131n \u00f6nemini ve bunun genel sa\u011fl\u0131\u011f\u0131n\u0131z \u00fczerindeki etkisini anl\u0131yoruz. Bu nedenle yetenekli ekibimiz, geli\u015fmi\u015f di\u015f dolgular\u0131 yoluyla di\u015flerinizin g\u00fcc\u00fcn\u00fc, i\u015flevini ve esteti\u011fini geri kazanmaya kendini adam\u0131\u015ft\u0131r. \u00c7\u00fcr\u00fckleriniz, \u00e7\u00fcr\u00fcm\u00fc\u015f di\u015fleriniz veya k\u00fc\u00e7\u00fck bir hasar\u0131n\u0131z olsun, restoratif yakla\u015f\u0131m\u0131m\u0131z [&hellip;]<\/p>\n","protected":false},"author":2,"featured_media":0,"parent":25205,"menu_order":0,"comment_status":"closed","ping_status":"closed","template":"","meta":{"_uag_custom_page_level_css":"","site-sidebar-layout":"no-sidebar","site-content-layout":"page-builder","ast-site-content-layout":"default","site-content-style":"default","site-sidebar-style":"default","ast-global-header-display":"","ast-banner-title-visibility":"","ast-main-header-display":"","ast-hfb-above-header-display":"","ast-hfb-below-header-display":"","ast-hfb-mobile-header-display":"","site-post-title":"disabled","ast-breadcrumbs-content":"","ast-featured-img":"disabled","footer-sml-layout":"","ast-disable-related-posts":"","theme-transparent-header-meta":"","adv-header-id-meta":"","stick-header-meta":"","header-above-stick-meta":"","header-main-stick-meta":"","header-below-stick-meta":"","astra-migrate-meta-layouts":"default","ast-page-background-enabled":"default","ast-page-background-meta":{"desktop":{"background-color":"","background-image":"","background-repeat":"repeat","background-position":"center center","background-size":"auto","background-attachment":"scroll","background-type":"","background-media":"","overlay-type":"","overlay-color":"","overlay-opacity":"","overlay-gradient":""},"tablet":{"background-color":"","background-image":"","background-repeat":"repeat","background-position":"center center","background-size":"auto","background-attachment":"scroll","background-type":"","background-media":"","overlay-type":"","overlay-color":"","overlay-opacity":"","overlay-gradient":""},"mobile":{"background-color":"","background-image":"","background-repeat":"repeat","background-position":"center center","background-size":"auto","background-attachment":"scroll","background-type":"","background-media":"","overlay-type":"","overlay-color":"","overlay-opacity":"","overlay-gradient":""}},"ast-content-background-meta":{"desktop":{"background-color":"var(--ast-global-color-5)","background-image":"","background-repeat":"repeat","background-position":"center center","background-size":"auto","background-attachment":"scroll","background-type":"","background-media":"","overlay-type":"","overlay-color":"","overlay-opacity":"","overlay-gradient":""},"tablet":{"background-color":"var(--ast-global-color-5)","background-image":"","background-repeat":"repeat","background-position":"center center","background-size":"auto","background-attachment":"scroll","background-type":"","background-media":"","overlay-type":"","overlay-color":"","overlay-opacity":"","overlay-gradient":""},"mobile":{"background-color":"var(--ast-global-color-5)","background-image":"","background-repeat":"repeat","background-position":"center center","background-size":"auto","background-attachment":"scroll","background-type":"","background-media":"","overlay-type":"","overlay-color":"","overlay-opacity":"","overlay-gradient":""}},"footnotes":""},"class_list":["post-25471","page","type-page","status-publish","hentry"],"translation":{"provider":"WPGlobus","version":"3.0.2","language":"tr","enabled_languages":["en","ar","tr"],"languages":{"en":{"title":true,"content":true,"excerpt":false},"ar":{"title":false,"content":true,"excerpt":false},"tr":{"title":true,"content":true,"excerpt":false}}},"uagb_featured_image_src":{"full":false,"thumbnail":false,"medium":false,"medium_large":false,"large":false,"1536x1536":false,"2048x2048":false},"uagb_author_info":{"display_name":"Dr.Yusuf Arslan","author_link":"https:\/\/arslanklinik.com\/tr\/author\/yusuf\/"},"uagb_comment_info":0,"uagb_excerpt":"Restoratif di\u015f tedavisi (di\u015f dolgular\u0131) Restoratif Di\u015f Tedavisi (Di\u015f Dolgular\u0131) hizmetimize ho\u015f geldiniz! Arslan Di\u015f Klini\u011fi olarak a\u011f\u0131z sa\u011fl\u0131\u011f\u0131n\u0131z\u0131 koruman\u0131n \u00f6nemini ve bunun genel sa\u011fl\u0131\u011f\u0131n\u0131z \u00fczerindeki etkisini anl\u0131yoruz. Bu nedenle yetenekli ekibimiz, geli\u015fmi\u015f di\u015f dolgular\u0131 yoluyla di\u015flerinizin g\u00fcc\u00fcn\u00fc, i\u015flevini ve esteti\u011fini geri kazanmaya kendini adam\u0131\u015ft\u0131r. \u00c7\u00fcr\u00fckleriniz, \u00e7\u00fcr\u00fcm\u00fc\u015f di\u015fleriniz veya k\u00fc\u00e7\u00fck bir hasar\u0131n\u0131z olsun, restoratif yakla\u015f\u0131m\u0131m\u0131z&hellip;","rttpg_featured_image_url":null,"rttpg_author":{"display_name":"Dr.Yusuf Arslan","author_link":"https:\/\/arslanklinik.com\/tr\/author\/yusuf\/"},"rttpg_comment":0,"rttpg_category":null,"rttpg_excerpt":"Restoratif di\u015f tedavisi (di\u015f dolgular\u0131) Restoratif Di\u015f Tedavisi (Di\u015f Dolgular\u0131) hizmetimize ho\u015f geldiniz! Arslan Di\u015f Klini\u011fi olarak a\u011f\u0131z sa\u011fl\u0131\u011f\u0131n\u0131z\u0131 koruman\u0131n \u00f6nemini ve bunun genel sa\u011fl\u0131\u011f\u0131n\u0131z \u00fczerindeki etkisini anl\u0131yoruz. Bu nedenle yetenekli ekibimiz, geli\u015fmi\u015f di\u015f dolgular\u0131 yoluyla di\u015flerinizin g\u00fcc\u00fcn\u00fc, i\u015flevini ve esteti\u011fini geri kazanmaya kendini adam\u0131\u015ft\u0131r. \u00c7\u00fcr\u00fckleriniz, \u00e7\u00fcr\u00fcm\u00fc\u015f di\u015fleriniz veya k\u00fc\u00e7\u00fck bir hasar\u0131n\u0131z olsun, restoratif yakla\u015f\u0131m\u0131m\u0131z&hellip;","_links":{"self":[{"href":"https:\/\/arslanklinik.com\/tr\/wp-json\/wp\/v2\/pages\/25471","targetHints":{"allow":["GET"]}}],"collection":[{"href":"https:\/\/arslanklinik.com\/tr\/wp-json\/wp\/v2\/pages"}],"about":[{"href":"https:\/\/arslanklinik.com\/tr\/wp-json\/wp\/v2\/types\/page"}],"author":[{"embeddable":true,"href":"https:\/\/arslanklinik.com\/tr\/wp-json\/wp\/v2\/users\/2"}],"replies":[{"embeddable":true,"href":"https:\/\/arslanklinik.com\/tr\/wp-json\/wp\/v2\/comments?post=25471"}],"version-history":[{"count":30,"href":"https:\/\/arslanklinik.com\/tr\/wp-json\/wp\/v2\/pages\/25471\/revisions"}],"predecessor-version":[{"id":27888,"href":"https:\/\/arslanklinik.com\/tr\/wp-json\/wp\/v2\/pages\/25471\/revisions\/27888"}],"up":[{"embeddable":true,"href":"https:\/\/arslanklinik.com\/tr\/wp-json\/wp\/v2\/pages\/25205"}],"wp:attachment":[{"href":"https:\/\/arslanklinik.com\/tr\/wp-json\/wp\/v2\/media?parent=25471"}],"curies":[{"name":"wp","href":"https:\/\/api.w.org\/{rel}","templated":true}]}}