{"id":25205,"date":"2021-04-29T07:04:54","date_gmt":"2021-04-29T07:04:54","guid":{"rendered":"https:\/\/arslanklinik.com\/services\/"},"modified":"2023-07-11T13:18:31","modified_gmt":"2023-07-11T13:18:31","slug":"services-arslan-dental-clinic","status":"publish","type":"page","link":"https:\/\/arslanklinik.com\/tr\/services-arslan-dental-clinic\/","title":{"rendered":"Services"},"content":{"rendered":"<h1>Hizmetler<\/h1>\n<h2>T\u00fcm Di\u015f \u0130htiya\u00e7lar\u0131n\u0131z Tek Noktada<\/h2>\n<p>\t\t\t\t\t\t\t\t\t\t\t\t\t\t\t<img decoding=\"async\" src=\"https:\/\/arslanklinik.com\/wp-content\/uploads\/2023\/03\/Endodontic-treatments-pulpectomy.jpg\" title=\"Endodontic treatments (pulpectomy)\" alt=\"Endodontic treatments (pulpectomy) - arslan klinik\" loading=\"lazy\" \/>\t\t\t\t\t\t\t\t\t\t\t\t\t\t\t<\/p>\n<h3><a href=\"https:\/\/arslanklinik.com\/endodontic-treatments-pulpectomy\/\">Endodontik tedaviler (pulpektomi)<\/a><\/h3>\n<p>Endodonti di\u015f tedavisi, d\u00fczenli olarak g\u00fcncellenen piyasadaki ekipmanlar kullan\u0131larak m\u00fcmk\u00fcnse lokal anestezi alt\u0131nda tek seansta ac\u0131s\u0131z bir \u015fekilde ger\u00e7ekle\u015ftirilir&#8230;<\/p>\n<p>\t\t\t<a href=\"https:\/\/arslanklinik.com\/tr\/endodontic-treatments-pulpectomy\/\"><br \/>\n\t\t\t\t\t\tDaha fazla bilgi edin<br \/>\n\t\t\t\t\t<\/a><br \/>\n\t\t\t\t\t\t\t\t\t\t\t\t\t\t\t<img decoding=\"async\" src=\"https:\/\/arslanklinik.com\/wp-content\/uploads\/2023\/03\/Restorative-dental-treatment-dental-fillings-jpg.webp\" title=\"Restorative dental treatment (dental fillings)\" alt=\"Restorative dental treatment (dental fillings) - arslan klinik\" loading=\"lazy\" \/>\t\t\t\t\t\t\t\t\t\t\t\t\t\t\t<\/p>\n<h3><a href=\"https:\/\/arslanklinik.com\/restorative-dental-treatment-dental-fillings\/\">Restoratif di\u015f tedavisi (di\u015f dolgular\u0131)<\/a><\/h3>\n<p>Restoratif di\u015fler, lokal anestezi alt\u0131nda, uzun \u00f6m\u00fcrl\u00fc restoratif materyaller kullan\u0131larak tek seansta ve a\u011fr\u0131s\u0131z bir \u015fekilde tedavi edilir&#8230;.<\/p>\n<p>\t\t\t<a href=\"https:\/\/arslanklinik.com\/tr\/restorative-dental-treatment-dental-fillings\/\"><br \/>\n\t\t\t\t\t\tDaha fazla bilgi edin<br \/>\n\t\t\t\t\t<\/a><br \/>\n\t\t\t\t\t\t\t\t\t\t\t\t\t\t\t<img decoding=\"async\" src=\"https:\/\/arslanklinik.com\/wp-content\/uploads\/2023\/03\/Dental-implants-arslan-dental-klinik-jpg.webp\" title=\"Dental-implants-arslan-dental-klinik\" alt=\"Dental-implants-arslan-dental-klinik-yusuf-arslan\" loading=\"lazy\" \/>\t\t\t\t\t\t\t\t\t\t\t\t\t\t\t<\/p>\n<h3><a href=\"https:\/\/arslanklinik.com\/dental-implants\/\">Di\u015f implantlar\u0131<\/a><\/h3>\n<p>Dental implantlar di\u015f hekimli\u011finin gelece\u011fidir ve burada klini\u011fimizde dental implantlar\u0131n ba\u015far\u0131s\u0131 i\u00e7in \u015fu ko\u015fullar\u0131 sa\u011fl\u0131yoruz&#8230;.<\/p>\n<p>\t\t\t<a href=\"https:\/\/arslanklinik.com\/tr\/dental-implants\/\"><br \/>\n\t\t\t\t\t\tDaha fazla bilgi edin<br \/>\n\t\t\t\t\t<\/a><br \/>\n\t\t\t\t\t\t\t\t\t\t\t\t\t\t\t<img decoding=\"async\" src=\"https:\/\/arslanklinik.com\/wp-content\/uploads\/2023\/03\/teeth-whitening-arslan-dental-klinik-yusuf-arslan-4-jpg.webp\" title=\"teeth-whitening-arslan-dental-klinik-yusuf-arslan\" alt=\"teeth-whitening-arslan-dental-klinik-yusuf-arslan\" loading=\"lazy\" \/>\t\t\t\t\t\t\t\t\t\t\t\t\t\t\t<\/p>\n<h3><a href=\"https:\/\/arslanklinik.com\/teeth-whitening\/\">Di\u015f beyazlatma<\/a><\/h3>\n<p>Merkezimizde ihtiyaca g\u00f6re lazer di\u015f beyazlatma, Laser Bleaching, Home Bleaching veya her ikisi bir arada&#8230;<\/p>\n<p>\t\t\t<a href=\"https:\/\/arslanklinik.com\/tr\/teeth-whitening\/\"><br \/>\n\t\t\t\t\t\tDaha fazla bilgi edin<br \/>\n\t\t\t\t\t<\/a><br \/>\n\t\t\t\t\t\t\t\t\t\t\t\t\t\t\t<img decoding=\"async\" src=\"https:\/\/arslanklinik.com\/wp-content\/uploads\/2023\/03\/Crowns-and-bridges-jpg.webp\" title=\"Crowns and bridges\" alt=\"Crowns and bridges - arslan klinik\" loading=\"lazy\" \/>\t\t\t\t\t\t\t\t\t\t\t\t\t\t\t<\/p>\n<h3><a href=\"https:\/\/arslanklinik.com\/crowns-and-bridges\/\">Kronlar ve k\u00f6pr\u00fcler<\/a><\/h3>\n<p>Klini\u011fimiz ister Z\u0131rkon kaplama, ister Dijital G\u00fcl\u00fc\u015f Tasar\u0131m\u0131 (DSD) destekli Venneers &amp; Lumineers ile sonu\u00e7 almak i\u00e7in Hollywood g\u00fcl\u00fc\u015f\u00fcn\u00fc tasarlayan di\u015f kliniklerinden biridir&#8230;.<\/p>\n<p>\t\t\t<a href=\"https:\/\/arslanklinik.com\/tr\/crowns-and-bridges\/\"><br \/>\n\t\t\t\t\t\tDaha fazla bilgi edin<br \/>\n\t\t\t\t\t<\/a><br \/>\n\t\t\t\t\t\t\t\t\t\t\t\t\t\t\t<img decoding=\"async\" src=\"https:\/\/arslanklinik.com\/wp-content\/uploads\/2023\/07\/Scheduled-care-of-gingiva-and-teeth-min.jpg\" title=\"Scheduled-care-of-gingiva-and-teeth-min\" alt=\"Scheduled-care-of-gingiva-and-teeth\" loading=\"lazy\" \/>\t\t\t\t\t\t\t\t\t\t\t\t\t\t\t<\/p>\n<h3><a href=\"https:\/\/arslanklinik.com\/scheduled-care-of-gingiva-and-teeth\/\">Di\u015feti ve di\u015flerin programlanm\u0131\u015f bak\u0131m\u0131<\/a><\/h3>\n<p>Hastalar\u0131m\u0131za di\u015f ve di\u015f eti bak\u0131m\u0131 hizmeti vermekteyiz&#8230;.<\/p>\n<p>\t\t\t<a href=\"https:\/\/arslanklinik.com\/tr\/scheduled-care-of-gingiva-and-teeth\/\"><br \/>\n\t\t\t\t\t\tDaha fazla bilgi edin<br \/>\n\t\t\t\t\t<\/a><br \/>\n\t\t\t\t\t\t\t\t\t\t\t\t\t\t\t<img decoding=\"async\" src=\"https:\/\/arslanklinik.com\/wp-content\/uploads\/2023\/03\/Orthodontics-and-jaws-2-jpg.webp\" title=\"Orthodontics-and-jaws\" alt=\"Orthodontics-and-jaws - arslan dental klinik\" loading=\"lazy\" \/>\t\t\t\t\t\t\t\t\t\t\t\t\t\t\t<\/p>\n<h3><a href=\"https:\/\/arslanklinik.com\/orthodontics-and-jaws\/\">Ortodonti ve \u00e7eneler<\/a><\/h3>\n<p>Merkezimiz, gerekli ortodontik sisteminin kullan\u0131lmas\u0131yla ortodonti t\u0131bbi kliniklerinden biridir ve &#8230;.<\/p>\n<p>\t\t\t<a href=\"https:\/\/arslanklinik.com\/tr\/orthodontics-and-jaws\/\"><br \/>\n\t\t\t\t\t\tDaha fazla bilgi edin<br \/>\n\t\t\t\t\t<\/a><br \/>\n\t\t\t\t\t\t\t\t\t\t\t\t\t\t\t<img decoding=\"async\" src=\"https:\/\/arslanklinik.com\/wp-content\/uploads\/2023\/03\/Pediatric-children-dental-treatments-arslan-dental-klinik-jpg.webp\" title=\"Pediatric-children-dental-treatments-arslan-dental-klinik\" alt=\"Pediatric-children-dental-treatments-arslan-dental-klinik-yusuf-arslan\" loading=\"lazy\" \/>\t\t\t\t\t\t\t\t\t\t\t\t\t\t\t<\/p>\n<h3><a href=\"https:\/\/arslanklinik.com\/pediatric-children-dental-treatments\/\">Pediatrik (\u00e7ocuk) di\u015f tedavileri<\/a><\/h3>\n<p>Periyodik takiplerini tamamlamak ve y\u00fcr\u00fctmek i\u00e7in \u00e7ocuklar\u0131m\u0131z\u0131 \u00fc\u00e7 ya\u015f\u0131ndan itibaren almaya ba\u015fl\u0131yoruz&#8230;.<\/p>\n<p>\t\t\t<a href=\"https:\/\/arslanklinik.com\/tr\/pediatric-children-dental-treatments\/\"><br \/>\n\t\t\t\t\t\tDaha fazla bilgi edin<br \/>\n\t\t\t\t\t<\/a><br \/>\n\t\t\t\t\t\t\t\t\t\t\t\t\t\t\t<img decoding=\"async\" src=\"https:\/\/arslanklinik.com\/wp-content\/uploads\/2023\/03\/Digital-and-panoramic-radiography-jpg.webp\" title=\"Digital and panoramic radiography\" alt=\"Digital and panoramic radiography - arslan klinik\" loading=\"lazy\" \/>\t\t\t\t\t\t\t\t\t\t\t\t\t\t\t<\/p>\n<h3><a href=\"https:\/\/arslanklinik.com\/digital-and-panoramic-radiography\/\">Dijital ve panoramik radyografi<\/a><\/h3>\n<p>Hastalar\u0131m\u0131za ve t\u00fcm doktorlar\u0131m\u0131za Japon J Moritta firmas\u0131na dayal\u0131\u00a0 uluslararas\u0131 cihazlarla radyografi hizmeti sunuyoruz&#8230;.<\/p>\n<p>\t\t\t<a href=\"https:\/\/arslanklinik.com\/tr\/digital-and-panoramic-radiography\/\"><br \/>\n\t\t\t\t\t\tDaha fazla bilgi edin<br \/>\n\t\t\t\t\t<\/a><br \/>\n\t\t\t\t\t\t\t\t\t\t\t\t\t\t\t<img decoding=\"async\" src=\"https:\/\/arslanklinik.com\/wp-content\/uploads\/2023\/03\/Prosthetics-prostheses-jpg.webp\" title=\"Prosthetics (prostheses)\" alt=\"Prosthetics (prostheses) - arslan klinik\" loading=\"lazy\" \/>\t\t\t\t\t\t\t\t\t\t\t\t\t\t\t<\/p>\n<h3><a href=\"https:\/\/arslanklinik.com\/prosthetics-prostheses\/\">Protezler<\/a><\/h3>\n<p>Her t\u00fcrl\u00fc hareketli \u00e7ene protezi klini\u011fimizde yap\u0131lmaktad\u0131r&#8230;.<\/p>\n<p>\t\t\t<a href=\"https:\/\/arslanklinik.com\/tr\/prosthetics-prostheses\/\"><br \/>\n\t\t\t\t\t\tDaha fazla bilgi edin<br \/>\n\t\t\t\t\t<\/a><\/p>\n<h2>Neye ihtiyac\u0131n\u0131z oldu\u011fundan emin de\u011fil misiniz?<\/h2>\n<p>Dr yusuf arslan&#8217;\u0131 araman\u0131z ve kendiniz i\u00e7in bir randevu alman\u0131z yeterlidir. Yard\u0131m etmek i\u00e7in buraday\u0131z.<br \/>Klini\u011fimize gelin ve ihtiyac\u0131n\u0131z olan tedaviyi \u00f6nermek i\u00e7in daha yak\u0131ndan inceleyelim.<\/p>\n<p>\t\t\t<a href=\"https:\/\/arslanklinik.com\/book-an-appointment\/\"><br \/>\n\t\t\t\t\t\tRandevu Al<br \/>\n\t\t\t\t\t<\/a><\/p>\n","protected":false},"excerpt":{"rendered":"<p>Hizmetler T\u00fcm Di\u015f \u0130htiya\u00e7lar\u0131n\u0131z Tek Noktada Endodontik tedaviler (pulpektomi) Endodonti di\u015f tedavisi, d\u00fczenli olarak g\u00fcncellenen piyasadaki ekipmanlar kullan\u0131larak m\u00fcmk\u00fcnse lokal anestezi alt\u0131nda tek seansta ac\u0131s\u0131z bir \u015fekilde ger\u00e7ekle\u015ftirilir&#8230; Daha fazla bilgi edin Restoratif di\u015f tedavisi (di\u015f dolgular\u0131) Restoratif di\u015fler, lokal anestezi alt\u0131nda, uzun \u00f6m\u00fcrl\u00fc restoratif materyaller kullan\u0131larak tek seansta ve a\u011fr\u0131s\u0131z bir \u015fekilde tedavi edilir&#8230;. [&hellip;]<\/p>\n","protected":false},"author":1,"featured_media":0,"parent":0,"menu_order":0,"comment_status":"closed","ping_status":"closed","template":"","meta":{"_uag_custom_page_level_css":"","site-sidebar-layout":"no-sidebar","site-content-layout":"page-builder","ast-site-content-layout":"default","site-content-style":"default","site-sidebar-style":"default","ast-global-header-display":"","ast-banner-title-visibility":"","ast-main-header-display":"","ast-hfb-above-header-display":"","ast-hfb-below-header-display":"","ast-hfb-mobile-header-display":"","site-post-title":"disabled","ast-breadcrumbs-content":"","ast-featured-img":"disabled","footer-sml-layout":"","ast-disable-related-posts":"","theme-transparent-header-meta":"enabled","adv-header-id-meta":"","stick-header-meta":"","header-above-stick-meta":"","header-main-stick-meta":"","header-below-stick-meta":"","astra-migrate-meta-layouts":"default","ast-page-background-enabled":"default","ast-page-background-meta":{"desktop":{"background-color":"","background-image":"","background-repeat":"repeat","background-position":"center center","background-size":"auto","background-attachment":"scroll","background-type":"","background-media":"","overlay-type":"","overlay-color":"","overlay-opacity":"","overlay-gradient":""},"tablet":{"background-color":"","background-image":"","background-repeat":"repeat","background-position":"center center","background-size":"auto","background-attachment":"scroll","background-type":"","background-media":"","overlay-type":"","overlay-color":"","overlay-opacity":"","overlay-gradient":""},"mobile":{"background-color":"","background-image":"","background-repeat":"repeat","background-position":"center center","background-size":"auto","background-attachment":"scroll","background-type":"","background-media":"","overlay-type":"","overlay-color":"","overlay-opacity":"","overlay-gradient":""}},"ast-content-background-meta":{"desktop":{"background-color":"var(--ast-global-color-5)","background-image":"","background-repeat":"repeat","background-position":"center center","background-size":"auto","background-attachment":"scroll","background-type":"","background-media":"","overlay-type":"","overlay-color":"","overlay-opacity":"","overlay-gradient":""},"tablet":{"background-color":"var(--ast-global-color-5)","background-image":"","background-repeat":"repeat","background-position":"center center","background-size":"auto","background-attachment":"scroll","background-type":"","background-media":"","overlay-type":"","overlay-color":"","overlay-opacity":"","overlay-gradient":""},"mobile":{"background-color":"var(--ast-global-color-5)","background-image":"","background-repeat":"repeat","background-position":"center center","background-size":"auto","background-attachment":"scroll","background-type":"","background-media":"","overlay-type":"","overlay-color":"","overlay-opacity":"","overlay-gradient":""}},"footnotes":""},"class_list":["post-25205","page","type-page","status-publish","hentry"],"translation":{"provider":"WPGlobus","version":"3.0.2","language":"tr","enabled_languages":["en","ar","tr"],"languages":{"en":{"title":true,"content":true,"excerpt":false},"ar":{"title":true,"content":true,"excerpt":false},"tr":{"title":false,"content":true,"excerpt":false}}},"uagb_featured_image_src":{"full":false,"thumbnail":false,"medium":false,"medium_large":false,"large":false,"1536x1536":false,"2048x2048":false},"uagb_author_info":{"display_name":"ifienix.tech@gmail.com","author_link":"https:\/\/arslanklinik.com\/tr\/author\/ifienix-techgmail-com\/"},"uagb_comment_info":0,"uagb_excerpt":"Hizmetler T\u00fcm Di\u015f \u0130htiya\u00e7lar\u0131n\u0131z Tek Noktada Endodontik tedaviler (pulpektomi) Endodonti di\u015f tedavisi, d\u00fczenli olarak g\u00fcncellenen piyasadaki ekipmanlar kullan\u0131larak m\u00fcmk\u00fcnse lokal anestezi alt\u0131nda tek seansta ac\u0131s\u0131z bir \u015fekilde ger\u00e7ekle\u015ftirilir&#8230; Daha fazla bilgi edin Restoratif di\u015f tedavisi (di\u015f dolgular\u0131) Restoratif di\u015fler, lokal anestezi alt\u0131nda, uzun \u00f6m\u00fcrl\u00fc restoratif materyaller kullan\u0131larak tek seansta ve a\u011fr\u0131s\u0131z bir \u015fekilde tedavi edilir&#8230;.&hellip;","rttpg_featured_image_url":null,"rttpg_author":{"display_name":"ifienix.tech@gmail.com","author_link":"https:\/\/arslanklinik.com\/tr\/author\/ifienix-techgmail-com\/"},"rttpg_comment":0,"rttpg_category":null,"rttpg_excerpt":"Hizmetler T\u00fcm Di\u015f \u0130htiya\u00e7lar\u0131n\u0131z Tek Noktada Endodontik tedaviler (pulpektomi) Endodonti di\u015f tedavisi, d\u00fczenli olarak g\u00fcncellenen piyasadaki ekipmanlar kullan\u0131larak m\u00fcmk\u00fcnse lokal anestezi alt\u0131nda tek seansta ac\u0131s\u0131z bir \u015fekilde ger\u00e7ekle\u015ftirilir&#8230; Daha fazla bilgi edin Restoratif di\u015f tedavisi (di\u015f dolgular\u0131) Restoratif di\u015fler, lokal anestezi alt\u0131nda, uzun \u00f6m\u00fcrl\u00fc restoratif materyaller kullan\u0131larak tek seansta ve a\u011fr\u0131s\u0131z bir \u015fekilde tedavi edilir&#8230;.&hellip;","_links":{"self":[{"href":"https:\/\/arslanklinik.com\/tr\/wp-json\/wp\/v2\/pages\/25205","targetHints":{"allow":["GET"]}}],"collection":[{"href":"https:\/\/arslanklinik.com\/tr\/wp-json\/wp\/v2\/pages"}],"about":[{"href":"https:\/\/arslanklinik.com\/tr\/wp-json\/wp\/v2\/types\/page"}],"author":[{"embeddable":true,"href":"https:\/\/arslanklinik.com\/tr\/wp-json\/wp\/v2\/users\/1"}],"replies":[{"embeddable":true,"href":"https:\/\/arslanklinik.com\/tr\/wp-json\/wp\/v2\/comments?post=25205"}],"version-history":[{"count":63,"href":"https:\/\/arslanklinik.com\/tr\/wp-json\/wp\/v2\/pages\/25205\/revisions"}],"predecessor-version":[{"id":27688,"href":"https:\/\/arslanklinik.com\/tr\/wp-json\/wp\/v2\/pages\/25205\/revisions\/27688"}],"wp:attachment":[{"href":"https:\/\/arslanklinik.com\/tr\/wp-json\/wp\/v2\/media?parent=25205"}],"curies":[{"name":"wp","href":"https:\/\/api.w.org\/{rel}","templated":true}]}}