{"id":25204,"date":"2021-04-29T07:04:40","date_gmt":"2021-04-29T07:04:40","guid":{"rendered":"https:\/\/arslanklinik.com\/about\/"},"modified":"2023-07-08T05:31:34","modified_gmt":"2023-07-08T05:31:34","slug":"about-arslan-dental-clinic","status":"publish","type":"page","link":"https:\/\/arslanklinik.com\/tr\/about-arslan-dental-clinic\/","title":{"rendered":"About Us"},"content":{"rendered":"<h1>Hakk\u0131m\u0131zda<\/h1>\n<p><img loading=\"lazy\" decoding=\"async\" width=\"800\" height=\"720\" src=\"https:\/\/arslanklinik.com\/wp-content\/uploads\/2021\/04\/about-1-jpg.webp\" alt=\"\" loading=\"lazy\"><\/p>\n<h5>Hikayemiz<\/h5>\n<h2>Dental M\u00fckemmelli\u011fe Ba\u011fl\u0131y\u0131z<\/h2>\n<p>Dental end\u00fcstrisindeki en son trendler ve teknolojiler konusunda geni\u015f deneyime sahip 3 profesyonel di\u015f hekiminden olu\u015fan bir ekibiz.<\/p>\n<p>Arslan Di\u015f poliklini\u011fi<br \/>\nKlini\u011fimiz T\u00fcrkiye&#8217;de faaliyet g\u00f6steren ilk Arap kliniklerinden biri olarak kabul edilmektedir.<br \/>\nKlinik, di\u015f bak\u0131m\u0131 konusunda uzmanla\u015fm\u0131\u015f bir kadro (doktorlar &#8211; di\u015f hijyenistleri &#8211; hem\u015fireler) taraf\u0131ndan 2021 y\u0131l\u0131nda kurulmu\u015ftur.<\/p>\n<h5>Hizmetlerimiz<\/h5>\n<h2>T\u00fcm di\u015f tedavilerini sa\u011fl\u0131yoruz<\/h2>\n<ul>\n<li>\n\t\t\t\t\t\t\t\t\t\tOrtodonti (sabit ve hareketli)<\/li>\n<li>\n\t\t\t\t\t\t\t\t\t\tDental implantlar (bir\u00e7ok Avrupa ve uluslararas\u0131 sistemi kullanarak)<\/li>\n<li>\n\t\t\t\t\t\t\t\t\t\tKronlar ve k\u00f6pr\u00fcler (Hollywood g\u00fcl\u00fcmsemesi \u2013 kaplamalar \u2013 lumineers)<\/li>\n<\/ul>\n<ul>\n<li>\n\t\t\t\t\t\t\t\t\t\tEndodontik tedaviler (pulpektomi)<\/li>\n<li>\n\t\t\t\t\t\t\t\t\t\tRestoratif tedaviler (di\u015f dolgular\u0131)<\/li>\n<li>\n\t\t\t\t\t\t\t\t\t\tA\u011f\u0131z i\u00e7i cerrahi (di\u015f eti, periodontal ve mukozal)<\/li>\n<\/ul>\n<ul>\n<li>\n\t\t\t\t\t\t\t\t\t\tPedodonti tedavisi (\u00c7ocuk di\u015f tedavileri.)<\/li>\n<li>\n\t\t\t\t\t\t\t\t\t\tHareketli protezler ve implantlarla desteklenen protezler<\/li>\n<li>\n\t\t\t\t\t\t\t\t\t\tDi\u015f ve a\u011f\u0131z sa\u011fl\u0131\u011f\u0131 i\u00e7in planl\u0131 takip.<\/li>\n<\/ul>\n<h5>Doktorlar\u0131m\u0131z<\/h5>\n<h2>Dr Yusuf Arslan<\/h2>\n<p>Yusuf Arslan, Suriye&#8217;nin Halep \u015fehrinde do\u011fan, lise e\u011fitimini yine Halep&#8217;teki Abdul Rahman Al-Kawakibi Lisesi&#8217;nde tamamlad\u0131. Di\u015f Bilimleri Lisans derecesini Lattakia&#8217;daki Tishreen \u00dcniversitesi&#8217;nden ald\u0131 ve daha sonra endodonti ve restoratif di\u015f hekimli\u011fi alan\u0131nda y\u00fcksek lisans derecesine sahip oldu &#8211; Halep \u00dcniversitesi.<\/p>\n<p>Ayr\u0131ca Suriye T\u0131p Uzmanlar\u0131 Otoritesi&#8217;nden Estetik Di\u015f Hekimli\u011fi Suriye Kurulu&#8217;na sahip olan ki\u015fi, Halep \u00dcniversitesi Di\u015f Hekimli\u011fi Fak\u00fcltesi&#8217;nde \u00fcniversite \u00f6\u011fretmeni olarak da \u00e7al\u0131\u015ft\u0131. Fransa&#8217;daki Moli\u00e8re \u00dcniversitesi&#8217;nde ortodonti derecesine sahip olan, T\u00fcrk Sa\u011fl\u0131k Bakanl\u0131\u011f\u0131&#8217;ndan t\u0131bbi sertifika de\u011fi\u015fikli\u011fi ald\u0131.<\/p>\n<p>\u015eu anda, G\u00fcney T\u00fcrkiye&#8217;deki en b\u00fcy\u00fck Arap di\u015f merkezi olan Gaziantep&#8217;teki Arslan Di\u015f Merkezi&#8217;nin direkt\u00f6r\u00fc olarak g\u00f6rev yapmaktad\u0131r.<\/p>\n<p><img loading=\"lazy\" decoding=\"async\" width=\"1024\" height=\"576\" src=\"https:\/\/arslanklinik.com\/wp-content\/uploads\/2023\/04\/photo-5-1024x576.jpg\" alt=\"dr yusuf arslan - arslan dental klinik\" loading=\"lazy\"><\/p>\n<h5>De\u011ferlerimiz<\/h5>\n<h2>T\u00fcm di\u015f tedavilerini sa\u011fl\u0131yoruz<\/h2>\n<p><svg xmlns=\"http:\/\/www.w3.org\/2000\/svg\" width=\"40\" height=\"40\" viewBox=\"0 0 40 40\" fill=\"none\"><path d=\"M34.3392 10.4H30.4V6.21925C30.4 3.23045 28.0416 0.800049 25.0448 0.800049H14.956C11.9576 0.800049 9.59999 3.23045 9.59999 6.21925V10.4H5.65999C2.97519 10.4 0.799988 12.4728 0.799988 15.1496V33.5552C0.799988 36.2312 2.97519 38.4 5.65999 38.4H34.3392C37.0232 38.4 39.2 36.2312 39.2 33.5544V15.1496C39.2 12.4728 37.0232 10.4 34.3392 10.4ZM12.8 6.21925C12.8 5.10005 13.8336 4.00005 14.956 4.00005H25.0448C26.164 4.00005 27.2 5.10005 27.2 6.21925V10.4H12.8V6.21925ZM28.8 28H23.2V33.6H16.8V28H11.2V21.6H16.8V16H23.2V21.6H28.8V28Z\" fill=\"#EAA83A\"><\/path><\/svg><\/p>\n<p>\u00c7ok y\u00fcksek d\u00fczeyde tedaviler<\/p>\n<p><svg xmlns=\"http:\/\/www.w3.org\/2000\/svg\" width=\"40\" height=\"40\" viewBox=\"0 0 40 40\" fill=\"none\"><path d=\"M28.75 20.5C28 20.25 27.25 20 26.75 20H20V17.5H27.5C27.5 16 26.5 15 25 15H15C15 16.5 16 17.5 17.5 17.5V20C16.25 20 15 19.5 14.5 18.5L11.75 14C11 13 10 12.5 9 12.5H7.5V10.75C7.5 10 7.25 9.5 7 8.75L6.25 7C5.5 5.75 4 5 2.5 5H0L12.5 22.5C13.5 24 15.25 25 17 25H20V27.5H17.5V32.5H16C13.75 32.5 11.5 33.5 10 35H7.5V37.5H35V35H32.5C31 33.5 28.75 32.5 26.5 32.5H25V27.5H22.5V25H26.5C27 25 27.75 25.25 28.25 25.5L32.5 27.75C34.75 29 37.5 29 39.75 27.75H40L28.75 20.5Z\" fill=\"#EAA83A\"><\/path><\/svg><\/p>\n<p>Modern ve g\u00fcncel teknolojileri kullanarak.<\/p>\n<p><svg xmlns=\"http:\/\/www.w3.org\/2000\/svg\" width=\"40\" height=\"40\" viewBox=\"0 0 40 40\" fill=\"none\"><path d=\"M33.8917 5.36445C33.6777 5.36835 33.4624 5.39749 33.2478 5.45445C32.5861 5.63023 32.0525 6.04132 31.6509 6.58648C22.8832 9.44265 14.5699 12.0766 5.88095 14.8751C2.77829 15.8743 0.834075 18.8722 1.73986 21.6551C2.64587 24.4379 5.98533 25.7392 9.08634 24.7236L9.08618 24.7237C17.6338 21.9248 25.8381 19.3303 34.4862 16.5475C34.5299 16.5641 34.5745 16.578 34.6185 16.5928C34.4138 16.8221 34.2884 17.1237 34.2884 17.4553C34.2884 18.1712 34.8688 18.7516 35.5848 18.7516C36.3008 18.7516 36.8813 18.1712 36.8813 17.4553C36.8813 17.1178 36.7513 16.8116 36.5402 16.5809C37.5363 16.2009 38.2084 15.2633 38.5351 14.167C38.8903 12.9751 38.887 11.5378 38.4895 10.067C38.092 8.59609 37.3702 7.35062 36.4629 6.49577C35.7823 5.85468 34.958 5.41843 34.1055 5.36843C34.0344 5.36437 33.9631 5.36296 33.8917 5.36421V5.36445ZM33.9306 6.82382C33.9664 6.82329 34.0023 6.82421 34.0381 6.82655C34.4731 6.85452 34.9614 7.08749 35.4616 7.55859C36.1284 8.18671 36.746 9.2121 37.08 10.4481C37.363 11.495 37.3925 12.5104 37.2372 13.3272H33.1135C32.8388 12.8423 32.6048 12.2841 32.4399 11.6742C32.1059 10.4381 32.1238 9.24499 32.384 8.37218C32.6442 7.49937 33.0967 7.00523 33.6227 6.86554C33.7232 6.83895 33.8265 6.82489 33.9305 6.82366L33.9306 6.82382ZM30.9295 8.1553C30.6314 9.3064 30.6548 10.6657 31.0302 12.0553C31.1472 12.4894 31.2968 12.914 31.4777 13.3256H19.6637C14.632 14.9461 9.83118 16.4902 6.90197 17.4342C5.08634 18.0191 4.14001 19.5754 4.5265 20.7618C4.9129 21.9484 6.60322 22.6628 8.41322 22.0704C13.639 20.3602 23.9609 17.0399 32.0712 14.4295C32.3649 14.8832 32.696 15.2863 33.0571 15.6266C33.0623 15.6313 33.0677 15.6359 33.0727 15.6407C24.8793 18.2776 14.1931 21.7141 8.86728 23.4571C6.45892 24.2454 3.83415 23.3529 3.13728 21.2134C2.4404 19.0739 4.04376 16.8212 6.45275 16.045C11.7695 14.3317 22.7184 10.8109 30.9295 8.1553ZM35.5842 22.2338C34.2601 27.1756 32.4195 26.4894 32.4195 29.3823C32.4195 31.1291 33.8372 32.5469 35.5842 32.5469C37.331 32.5469 38.7488 31.1292 38.7488 29.3823C38.7488 26.2596 36.9319 27.2635 35.5842 22.2338Z\" fill=\"#EAA83A\"><\/path><\/svg><\/p>\n<p>Tedavilerimizde kullan\u0131lan y\u00fcksek kaliteli malzemeler<\/p>\n<p><svg xmlns=\"http:\/\/www.w3.org\/2000\/svg\" width=\"40\" height=\"40\" viewBox=\"0 0 40 40\" fill=\"none\"><path d=\"M29.2062 12.3282C31.3031 11.8626 34.0344 9.78135 34.45 8.75635C34.6937 8.15635 33.4781 7.21885 33.1531 6.84073C32.4094 5.97823 32.7094 5.55323 32.9969 4.5251C33.325 3.35635 32.5469 2.06573 31.4437 1.55948C30.3406 1.05323 29.0219 1.2126 27.9125 1.70635C26.8031 2.2001 25.8562 2.99385 24.9281 3.7751C24.25 3.34698 23.1687 1.45635 21.4187 2.68448C20.2094 3.53135 20.1 5.3751 20.2562 6.84698C20.6219 10.2439 21.4594 12.0064 23.0375 12.4814C25.0312 13.0814 27.2375 12.7657 29.2062 12.3282Z\" fill=\"#EAA83A\"><\/path><path d=\"M32.6125 2.55615C32.3469 7.13428 27.8813 10.1718 25.7625 11.5093L27.1375 12.6905C27.1375 12.6905 28.0094 12.7093 29.2031 12.328C31.25 11.678 34.2406 9.84053 34.4469 8.75615C34.75 7.17803 33.1313 7.52178 32.7656 6.2749C32.575 5.61553 33.6938 4.36865 32.6125 2.55615ZM24.9313 3.77803C24.9313 3.77803 24.1344 2.9624 23.5438 2.59053C23.25 3.14365 23.0406 3.74365 22.9375 4.3624C22.7531 5.4499 22.9375 6.99365 23.3719 8.14365C23.4406 8.32178 23.6969 8.29365 23.725 8.10615C24.1 5.63428 24.9313 3.77803 24.9313 3.77803Z\" fill=\"#E2A610\"><\/path><path d=\"M19.3625 11.9249C19.3625 11.9249 9.61562 12.9781 5.21874 21.4406C0.821868 29.9031 4.55937 35.0343 8.51562 36.9031C12.4719 38.7718 22.4406 39.4312 28.925 37.8937C35.4094 36.3562 37.0312 33.1687 36.7281 30.0906C36.2875 25.5968 32.1125 22.8343 32.1125 22.8343C32.1125 22.8343 32.2781 17.2843 27.9719 13.6812C24.15 10.4812 19.3625 11.9249 19.3625 11.9249Z\" fill=\"#EAA83A\"><\/path><path d=\"M23.3625 26.1657C21.2719 23.5282 18.8031 23.175 18.0125 22.2282C17.5813 21.7125 17.3281 21.1907 17.425 20.5438C17.5281 19.8563 18.325 19.3813 18.9438 19.2657C19.6656 19.1282 21.3875 19.2 22.8344 20.5782C23.1781 20.9032 23.0531 21.4094 23.0438 21.8625C23.0188 22.8344 24.4094 23.7782 25.5344 22.9657C26.6625 22.15 25.7969 20.3344 25.0688 19.4532C24.5188 18.7875 22.525 17.3219 20.0469 17.0907C19.35 17.025 16.5469 16.6094 14.9281 19.6875C14.4625 20.5719 14.2906 22.7094 16.7281 24.5157C17.2375 24.8938 19.8813 26.2375 20.6156 27.1094C21.8875 28.6188 21.0156 29.9469 20.0219 30.1219C17.3125 30.5969 15.7781 29.1313 15.4938 28.3282C15.2906 27.7563 15.5031 27.1375 15.2406 26.6C14.9719 26.0469 14.4219 25.8282 13.8406 26.0125C11.9344 26.6188 12.5406 28.7032 13.3844 29.85C14.2875 31.0782 15.3969 31.8188 16.6438 32.225C21.2969 33.7407 23.5344 31.3469 23.925 29.5938C24.2125 28.3094 24.1813 27.1969 23.3625 26.1657Z\" fill=\"white\"><\/path><path d=\"M22.2375 15.3093C18.2781 23.7656 17.5969 34.4437 17.5969 34.4437\" stroke=\"white\" stroke-width=\"2\" stroke-miterlimit=\"10\"><\/path><path d=\"M25.5219 9.98742C28.1594 10.8468 28.7438 13.2312 28.5531 13.8812C28.325 14.6437 25.4031 11.6749 21.0594 11.853C19.5406 11.9155 19.9813 10.9843 20.6844 10.4468C21.6125 9.73742 23.1719 9.22492 25.5219 9.98742Z\" fill=\"#6D4C41\"><\/path><path d=\"M25.5219 9.98742C28.1594 10.8468 28.7438 13.2312 28.5531 13.8812C28.325 14.6437 25.4031 11.6749 21.0594 11.853C19.5406 11.9155 19.9813 10.9843 20.6844 10.4468C21.6125 9.73742 23.1719 9.22492 25.5219 9.98742Z\" fill=\"white\"><\/path><path d=\"M30.1532 18.3936C30.4844 18.1655 31.5969 18.5593 31.9094 20.7374C32.0625 21.803 32.1094 22.8343 32.1094 22.8343C32.1094 22.8343 30.7969 21.6561 30.3625 20.828C29.8157 19.7811 29.6032 18.7686 30.1532 18.3936Z\" fill=\"#E2A610\"><\/path><\/svg><\/p>\n<p>Hastalar\u0131m\u0131z\u0131n en geni\u015f segmenti i\u00e7in uygun maliyeti korumak.<\/p>\n<p><a href=\"https:\/\/arslanklinik.com\/book-an-appointment\/\" role=\"button\"><br \/>\nRandevu Al<br \/>\n<\/a><\/p>\n<h5>Kriterlerimiz<\/h5>\n<h2>Hastalar\u0131m\u0131z\u0131n ki\u015fili\u011fine ve zaman\u0131na sayg\u0131 duyuyoruz.<\/h2>\n<h3><\/h3>\n<p>Sistemimizin prensibi, ister elektronik ortamda ister telefonla randevu alarak di\u015f klini\u011finde beklemeyi tamamen ortadan kald\u0131rmakt\u0131r.<\/p>\n<h3><\/h3>\n<p>Tedavilerimizin \u00e7o\u011funu tek seansta tamamlayarak birka\u00e7 kez klini\u011fe gelmemize gerek kalm\u0131yor.<\/p>\n<h5>B\u00f6l\u00fcmlerimiz<\/h5>\n<h2>Merkez a\u015fa\u011f\u0131dakilerden olu\u015fur<\/h2>\n<p>Di\u015f \u00fcniteleri, sterilizasyon sistemleri, havaland\u0131rma sistemleri, her klinik i\u00e7in \u00f6zel ve ba\u011f\u0131ms\u0131z t\u0131bbi personel dahil olmak \u00fczere en son t\u0131bbi teknoloji ile donat\u0131lm\u0131\u015f be\u015f ba\u011f\u0131ms\u0131z klinik.<\/p>\n<p>tam aseptik ko\u015fullar alt\u0131nda a\u011f\u0131z i\u00e7i ameliyatlar\u0131 ger\u00e7ekle\u015ftirmek i\u00e7in donat\u0131lm\u0131\u015f ameliyathaneler.<\/p>\n<p><img loading=\"lazy\" decoding=\"async\" width=\"768\" height=\"1024\" src=\"https:\/\/arslanklinik.com\/wp-content\/uploads\/2023\/03\/Reseption-arslan-dental-klinik-jpeg-768x1024.webp\" alt=\"\" loading=\"lazy\"><br \/>\n<img loading=\"lazy\" decoding=\"async\" width=\"768\" height=\"1024\" src=\"https:\/\/arslanklinik.com\/wp-content\/uploads\/2023\/03\/surgery-room-arslan-dental-klinik-jpeg-768x1024.webp\" alt=\"surgery-room-arslan-dental-klinik\" loading=\"lazy\"><\/p>\n<p>Bir dizi otoklav, distilasyon, paketleme, dezenfeksiyon ve ultrason \u00fcnitelerinden olu\u015fan ba\u011f\u0131ms\u0131z bir sterilizasyon \u00fcnitesi. Sterilizasyonun kalitesi haftal\u0131k olarak de\u011ferlendirilir.<\/p>\n<p>Dijital ve panoramik radyografi \u00fcnitesi g\u00fcn\u00fcn her saati t\u00fcm hastalara an\u0131nda hizmet vermeye haz\u0131rd\u0131r.<\/p>\n<p>\u00d6zel ihtiya\u00e7lar\u0131 olan hastalar i\u00e7in klinik ve tesisler.<\/p>\n<p>Di\u015f hekimli\u011finde yerel ve uluslararas\u0131 ara\u015ft\u0131rmalar\u0131n en son bulgular\u0131n\u0131 sunan bilimsel seminerler ve dersler i\u00e7in ayr\u0131lm\u0131\u015f bir seminer odas\u0131.<\/p>\n<p><img loading=\"lazy\" decoding=\"async\" width=\"768\" height=\"1024\" src=\"https:\/\/arslanklinik.com\/wp-content\/uploads\/2023\/03\/room-arslan-dental-klinik-yusuf-arslan-768x1024.webp\" alt=\"room-arslan-dental-klinik-yusuf-arslan\" loading=\"lazy\"><\/p>\n<h5>G\u00f6r\u00fc\u015fler<\/h5>\n<h2>M\u00fc\u015fterilerimiz Ne Diyor?<\/h2>\n<p><a href=\"tel:+90%20(537)%20835-80-45\"><br \/>\n<\/a><\/p>\n<h5>\n\t\t\t\t\t<a href=\"tel:+90%20(537)%20835-80-45\"><br \/>\nArama : +90 (537) 835-80-45\t\t\t\t\t<\/a><\/h5>\n<p><a href=\"https:\/\/goo.gl\/maps\/PjdW85nb9WKSboBMA\" target=\"_blank\" rel=\"noopener\"><br \/>\n<\/a><\/p>\n<h5>\n\t\t\t\t\t<a href=\"https:\/\/goo.gl\/maps\/PjdW85nb9WKSboBMA\" target=\"_blank\" rel=\"noopener\"><br \/>\n\u0130ncili P\u0131nar, Hotel, Alt\u0131\u060c Nail Bilen Cd. No: 2\/A\u060c 27090 \u015eehitkamil\/Gaziantep\t\t\t\t\t<\/a><\/h5>\n<h4>Schedule a Virtual Appointment<\/h4>\n<p><a href=\"https:\/\/arslanklinik.com\/book-an-appointment\/\" role=\"button\"><br \/>\nSchedule Now<br \/>\n<\/a><\/p>\n","protected":false},"excerpt":{"rendered":"<p>Hakk\u0131m\u0131zda Hikayemiz Dental M\u00fckemmelli\u011fe Ba\u011fl\u0131y\u0131z Dental end\u00fcstrisindeki en son trendler ve teknolojiler konusunda geni\u015f deneyime sahip 3 profesyonel di\u015f hekiminden olu\u015fan bir ekibiz. Arslan Di\u015f poliklini\u011fi Klini\u011fimiz T\u00fcrkiye&#8217;de faaliyet g\u00f6steren ilk Arap kliniklerinden biri olarak kabul edilmektedir. Klinik, di\u015f bak\u0131m\u0131 konusunda uzmanla\u015fm\u0131\u015f bir kadro (doktorlar &#8211; di\u015f hijyenistleri &#8211; hem\u015fireler) taraf\u0131ndan 2021 y\u0131l\u0131nda kurulmu\u015ftur. Hizmetlerimiz [&hellip;]<\/p>\n","protected":false},"author":2,"featured_media":25776,"parent":0,"menu_order":0,"comment_status":"closed","ping_status":"closed","template":"","meta":{"_uag_custom_page_level_css":"","site-sidebar-layout":"no-sidebar","site-content-layout":"page-builder","ast-site-content-layout":"default","site-content-style":"default","site-sidebar-style":"default","ast-global-header-display":"","ast-banner-title-visibility":"","ast-main-header-display":"","ast-hfb-above-header-display":"","ast-hfb-below-header-display":"","ast-hfb-mobile-header-display":"","site-post-title":"disabled","ast-breadcrumbs-content":"","ast-featured-img":"disabled","footer-sml-layout":"","ast-disable-related-posts":"","theme-transparent-header-meta":"enabled","adv-header-id-meta":"","stick-header-meta":"","header-above-stick-meta":"","header-main-stick-meta":"","header-below-stick-meta":"","astra-migrate-meta-layouts":"default","ast-page-background-enabled":"default","ast-page-background-meta":{"desktop":{"background-color":"","background-image":"","background-repeat":"repeat","background-position":"center center","background-size":"auto","background-attachment":"scroll","background-type":"","background-media":"","overlay-type":"","overlay-color":"","overlay-opacity":"","overlay-gradient":""},"tablet":{"background-color":"","background-image":"","background-repeat":"repeat","background-position":"center center","background-size":"auto","background-attachment":"scroll","background-type":"","background-media":"","overlay-type":"","overlay-color":"","overlay-opacity":"","overlay-gradient":""},"mobile":{"background-color":"","background-image":"","background-repeat":"repeat","background-position":"center center","background-size":"auto","background-attachment":"scroll","background-type":"","background-media":"","overlay-type":"","overlay-color":"","overlay-opacity":"","overlay-gradient":""}},"ast-content-background-meta":{"desktop":{"background-color":"var(--ast-global-color-5)","background-image":"","background-repeat":"repeat","background-position":"center center","background-size":"auto","background-attachment":"scroll","background-type":"","background-media":"","overlay-type":"","overlay-color":"","overlay-opacity":"","overlay-gradient":""},"tablet":{"background-color":"var(--ast-global-color-5)","background-image":"","background-repeat":"repeat","background-position":"center center","background-size":"auto","background-attachment":"scroll","background-type":"","background-media":"","overlay-type":"","overlay-color":"","overlay-opacity":"","overlay-gradient":""},"mobile":{"background-color":"var(--ast-global-color-5)","background-image":"","background-repeat":"repeat","background-position":"center center","background-size":"auto","background-attachment":"scroll","background-type":"","background-media":"","overlay-type":"","overlay-color":"","overlay-opacity":"","overlay-gradient":""}},"footnotes":""},"class_list":["post-25204","page","type-page","status-publish","has-post-thumbnail","hentry"],"translation":{"provider":"WPGlobus","version":"3.0.2","language":"tr","enabled_languages":["en","ar","tr"],"languages":{"en":{"title":true,"content":true,"excerpt":false},"ar":{"title":true,"content":true,"excerpt":false},"tr":{"title":false,"content":true,"excerpt":false}}},"uagb_featured_image_src":{"full":["https:\/\/arslanklinik.com\/wp-content\/uploads\/2023\/03\/arslan-klinik-team-jpg.webp",1707,960,false],"thumbnail":["https:\/\/arslanklinik.com\/wp-content\/uploads\/2023\/03\/arslan-klinik-team-jpg-150x150.webp",150,150,true],"medium":["https:\/\/arslanklinik.com\/wp-content\/uploads\/2023\/03\/arslan-klinik-team-jpg-300x169.webp",300,169,true],"medium_large":["https:\/\/arslanklinik.com\/wp-content\/uploads\/2023\/03\/arslan-klinik-team-jpg-768x432.webp",768,432,true],"large":["https:\/\/arslanklinik.com\/wp-content\/uploads\/2023\/03\/arslan-klinik-team-jpg-1024x576.webp",1024,576,true],"1536x1536":["https:\/\/arslanklinik.com\/wp-content\/uploads\/2023\/03\/arslan-klinik-team-jpg-1536x864.webp",1536,864,true],"2048x2048":["https:\/\/arslanklinik.com\/wp-content\/uploads\/2023\/03\/arslan-klinik-team-jpg.webp",1707,960,false]},"uagb_author_info":{"display_name":"Dr.Yusuf Arslan","author_link":"https:\/\/arslanklinik.com\/tr\/author\/yusuf\/"},"uagb_comment_info":0,"uagb_excerpt":"Hakk\u0131m\u0131zda Hikayemiz Dental M\u00fckemmelli\u011fe Ba\u011fl\u0131y\u0131z Dental end\u00fcstrisindeki en son trendler ve teknolojiler konusunda geni\u015f deneyime sahip 3 profesyonel di\u015f hekiminden olu\u015fan bir ekibiz. Arslan Di\u015f poliklini\u011fi Klini\u011fimiz T\u00fcrkiye&#8217;de faaliyet g\u00f6steren ilk Arap kliniklerinden biri olarak kabul edilmektedir. Klinik, di\u015f bak\u0131m\u0131 konusunda uzmanla\u015fm\u0131\u015f bir kadro (doktorlar &#8211; di\u015f hijyenistleri &#8211; hem\u015fireler) taraf\u0131ndan 2021 y\u0131l\u0131nda kurulmu\u015ftur. Hizmetlerimiz&hellip;","rttpg_featured_image_url":{"full":["https:\/\/arslanklinik.com\/wp-content\/uploads\/2023\/03\/arslan-klinik-team-jpg.webp",1707,960,false],"landscape":["https:\/\/arslanklinik.com\/wp-content\/uploads\/2023\/03\/arslan-klinik-team-jpg.webp",1707,960,false],"portraits":["https:\/\/arslanklinik.com\/wp-content\/uploads\/2023\/03\/arslan-klinik-team-jpg.webp",1707,960,false],"thumbnail":["https:\/\/arslanklinik.com\/wp-content\/uploads\/2023\/03\/arslan-klinik-team-jpg-150x150.webp",150,150,true],"medium":["https:\/\/arslanklinik.com\/wp-content\/uploads\/2023\/03\/arslan-klinik-team-jpg-300x169.webp",300,169,true],"large":["https:\/\/arslanklinik.com\/wp-content\/uploads\/2023\/03\/arslan-klinik-team-jpg-1024x576.webp",1024,576,true],"1536x1536":["https:\/\/arslanklinik.com\/wp-content\/uploads\/2023\/03\/arslan-klinik-team-jpg-1536x864.webp",1536,864,true],"2048x2048":["https:\/\/arslanklinik.com\/wp-content\/uploads\/2023\/03\/arslan-klinik-team-jpg.webp",1707,960,false]},"rttpg_author":{"display_name":"Dr.Yusuf Arslan","author_link":"https:\/\/arslanklinik.com\/tr\/author\/yusuf\/"},"rttpg_comment":0,"rttpg_category":null,"rttpg_excerpt":"Hakk\u0131m\u0131zda Hikayemiz Dental M\u00fckemmelli\u011fe Ba\u011fl\u0131y\u0131z Dental end\u00fcstrisindeki en son trendler ve teknolojiler konusunda geni\u015f deneyime sahip 3 profesyonel di\u015f hekiminden olu\u015fan bir ekibiz. Arslan Di\u015f poliklini\u011fi Klini\u011fimiz T\u00fcrkiye&#8217;de faaliyet g\u00f6steren ilk Arap kliniklerinden biri olarak kabul edilmektedir. Klinik, di\u015f bak\u0131m\u0131 konusunda uzmanla\u015fm\u0131\u015f bir kadro (doktorlar &#8211; di\u015f hijyenistleri &#8211; hem\u015fireler) taraf\u0131ndan 2021 y\u0131l\u0131nda kurulmu\u015ftur. Hizmetlerimiz&hellip;","_links":{"self":[{"href":"https:\/\/arslanklinik.com\/tr\/wp-json\/wp\/v2\/pages\/25204","targetHints":{"allow":["GET"]}}],"collection":[{"href":"https:\/\/arslanklinik.com\/tr\/wp-json\/wp\/v2\/pages"}],"about":[{"href":"https:\/\/arslanklinik.com\/tr\/wp-json\/wp\/v2\/types\/page"}],"author":[{"embeddable":true,"href":"https:\/\/arslanklinik.com\/tr\/wp-json\/wp\/v2\/users\/2"}],"replies":[{"embeddable":true,"href":"https:\/\/arslanklinik.com\/tr\/wp-json\/wp\/v2\/comments?post=25204"}],"version-history":[{"count":27,"href":"https:\/\/arslanklinik.com\/tr\/wp-json\/wp\/v2\/pages\/25204\/revisions"}],"predecessor-version":[{"id":27435,"href":"https:\/\/arslanklinik.com\/tr\/wp-json\/wp\/v2\/pages\/25204\/revisions\/27435"}],"wp:featuredmedia":[{"embeddable":true,"href":"https:\/\/arslanklinik.com\/tr\/wp-json\/wp\/v2\/media\/25776"}],"wp:attachment":[{"href":"https:\/\/arslanklinik.com\/tr\/wp-json\/wp\/v2\/media?parent=25204"}],"curies":[{"name":"wp","href":"https:\/\/api.w.org\/{rel}","templated":true}]}}