{"id":25203,"date":"2021-04-29T07:04:26","date_gmt":"2021-04-29T07:04:26","guid":{"rendered":"https:\/\/arslanklinik.com\/home\/"},"modified":"2023-07-13T03:46:18","modified_gmt":"2023-07-13T03:46:18","slug":"home","status":"publish","type":"page","link":"https:\/\/arslanklinik.com\/tr\/","title":{"rendered":"Home"},"content":{"rendered":"<h1>Arslan Di\u015f Klini\u011fi<\/h1>\n<p>Gaziantepte g\u00fcvenilir bir di\u015f hekimi ar\u0131yorsan\u0131z, Dr Yusuf Arslan sizi bekliyor. H\u0131zl\u0131 randevular ve zaman\u0131nda \u00e7\u00f6z\u00fcmler ile uygun fiyatl\u0131 ve a\u011fr\u0131s\u0131z di\u015f tedavileriyle tan\u0131n\u0131yoruz.<\/p>\n<p>\t\t\t<a href=\"https:\/\/arslanklinik.com\/book-an-appointment\/\"><br \/>\n\t\t\t\t\t\tRandevu Al<br \/>\n\t\t\t\t\t<\/a><br \/>\n\t\t\t\t\t\t\t\t\t\t\t\t\t\t\t<img loading=\"lazy\" decoding=\"async\" width=\"1080\" height=\"1080\" src=\"https:\/\/arslanklinik.com\/wp-content\/uploads\/2023\/07\/dr-yusuf-arslan-arslan-dental-klinik.jpg\" alt=\"dr-yusuf-arslan-arslan-dental-klinik\" loading=\"lazy\" \/><br \/>\n\t\t\t\t\t\t\t\t\t\t\t\t\t\t\t<img loading=\"lazy\" decoding=\"async\" width=\"1920\" height=\"1080\" src=\"https:\/\/arslanklinik.com\/wp-content\/uploads\/2023\/03\/Thumbnail-Facebook-Youtube-jpg.webp\" alt=\"arslan-dental-klinik-team\" loading=\"lazy\" \/><br \/>\n\t\t\t<b>Hakk\u0131m\u0131zda<\/b>\t\t<\/p>\n<h2>Arslan Di\u015f klini\u011fi hakk\u0131nda<\/h2>\n<p>Klini\u011fimiz Gaziantepte faaliyet g\u00f6steren ve \u00fc\u00e7 dil deste\u011fi\u00a0( Arap\u00e7a, \u00a0T\u00fcrk\u00e7e,\u00a0\u0130ngilizce )\u00a0bulunan\u00a0kliniklerinden biri olarak kabul edilmektedir.<\/p>\n<p>Arslan di\u015f Klini\u011fi, di\u015f bak\u0131m\u0131 konusunda uzmanla\u015fm\u0131\u015f bir kadro (doktorlar &#8211; di\u015f hijyenistleri &#8211; hem\u015fireler) taraf\u0131ndan 2021 y\u0131l\u0131nda kurulmu\u015ftur.<\/p>\n<p>\t\t\t<a href=\"https:\/\/arslanklinik.com\/about\/\"><br \/>\n\t\t\t\t\t\tDevam\u0131n\u0131 oku<br \/>\n\t\t\t\t\t<\/a><br \/>\n\t\t\t<b>Doktorlar\u0131m\u0131z<\/b>\t\t<\/p>\n<h2>Dr Yusuf Arslan Hakk\u0131nda<\/h2>\n<p>Yusuf Arslan, Suriye&#8217;nin Halep \u015fehrinde do\u011fan, lise e\u011fitimini yine Halep&#8217;teki Abdul Rahman Al-Kawakibi Lisesi&#8217;nde tamamlad\u0131. Di\u015f Bilimleri Lisans derecesini Lattakia&#8217;daki Tishreen \u00dcniversitesi&#8217;nden ald\u0131 ve daha sonra endodonti ve restoratif di\u015f hekimli\u011fi alan\u0131nda y\u00fcksek lisans derecesine sahip oldu &#8211; Halep \u00dcniversitesi.<\/p>\n<p>Ayr\u0131ca Suriye T\u0131p Uzmanlar\u0131 Otoritesi&#8217;nden Estetik Di\u015f Hekimli\u011fi Suriye Kurulu&#8217;na sahip olan ki\u015fi, Halep \u00dcniversitesi Di\u015f Hekimli\u011fi Fak\u00fcltesi&#8217;nde \u00fcniversite \u00f6\u011fretmeni olarak da \u00e7al\u0131\u015ft\u0131. Fransa&#8217;daki Moli\u00e8re \u00dcniversitesi&#8217;nde ortodonti derecesine sahip olan, T\u00fcrk Sa\u011fl\u0131k Bakanl\u0131\u011f\u0131&#8217;ndan t\u0131bbi sertifika de\u011fi\u015fikli\u011fi ald\u0131.<\/p>\n<p>\u015eu anda, G\u00fcney T\u00fcrkiye&#8217;deki en b\u00fcy\u00fck Arap di\u015f klini\u011fi olan Gaziantep&#8217;teki Arslan Di\u015f klini\u011fi&#8217;nin direkt\u00f6r\u00fc olarak g\u00f6rev yapmaktad\u0131r.<\/p>\n<p>\t\t\t\t\t\t\t\t\t\t\t\t\t\t\t<img loading=\"lazy\" decoding=\"async\" width=\"1024\" height=\"576\" src=\"https:\/\/arslanklinik.com\/wp-content\/uploads\/2023\/04\/photo-5-1024x576.jpg\" alt=\"dr-yusuf-arslan - arslan-dental-klinik\" loading=\"lazy\" \/><br \/>\n\t\t\t<b>Hizmetlerimiz<\/b>\t\t<\/p>\n<h2>T\u00fcm Di\u015f \u0130htiya\u00e7lar\u0131n\u0131z Tek Noktada<\/h2>\n<p>\t\t\t\t\t\t\t\t\t\t\t\t\t\t\t<img decoding=\"async\" src=\"https:\/\/arslanklinik.com\/wp-content\/uploads\/2023\/03\/Orthodontics-and-jaws-3-jpg.webp\" title=\"Orthodontics-and-jaws\" alt=\"Orthodontics-and-jaws - arslan dental klinik\" loading=\"lazy\" \/>\t\t\t\t\t\t\t\t\t\t\t\t\t\t\t<\/p>\n<h3>Ortodonti ve \u00e7eneler<\/h3>\n<p>Merkezimiz, d\u00fcnyan\u0131n en iyi ortodonti kliniklerini kullanarak se\u00e7kin ortodonti kliniklerinden biridir&#8230;<\/p>\n<p>\t\t\t\t\t\t\t\t\t\t\t\t\t\t\t<img decoding=\"async\" src=\"https:\/\/arslanklinik.com\/wp-content\/uploads\/2023\/03\/Intraoral-surgery-1-arslan-dental-klinik-yusuf-arslan-jpg-221x300-1.webp\" title=\"Intraoral-surgery-1-arslan-dental-klinik-yusuf-arslan-jpg-221&#215;300\" alt=\"Intraoral-surgery-1-arslan-dental-klinik-yusuf-arslan\" loading=\"lazy\" \/>\t\t\t\t\t\t\t\t\t\t\t\t\t\t\t<\/p>\n<h3>A\u011f\u0131z i\u00e7i cerrahi<\/h3>\n<p>Klini\u011fimizde cerrahi ameliyathanelerde \u00e7e\u015fitli a\u011f\u0131z i\u00e7i ameliyatlar yap\u0131lmaktad\u0131r&#8230;<\/p>\n<p>\t\t\t\t\t\t\t\t\t\t\t\t\t\t\t<img decoding=\"async\" src=\"https:\/\/arslanklinik.com\/wp-content\/uploads\/2023\/03\/Crowns-and-bridges-jpg.webp\" title=\"Crowns and bridges\" alt=\"Crowns and bridges - arslan klinik\" loading=\"lazy\" \/>\t\t\t\t\t\t\t\t\t\t\t\t\t\t\t<\/p>\n<h3>Kronlar ve k\u00f6pr\u00fcler<\/h3>\n<p>Klini\u011fimiz Hollywood g\u00fcl\u00fc\u015f\u00fc ba\u015far\u0131s\u0131 ile T\u00fcrkiye&#8217;nin en g\u00fczide di\u015f kliniklerinden biridir&#8230;<\/p>\n<p>\t\t\t<a href=\"https:\/\/arslanklinik.com\/services\/\"><br \/>\n\t\t\t\t\t\tT\u00fcm Hizmetleri G\u00f6r\u00fcnt\u00fcle<br \/>\n\t\t\t\t\t<\/a><\/p>\n<h2>Randevu Al\u0131n ve \u0130\u015finizi Bitirin!<\/h2>\n<p>Uzun bekleme s\u00fcresi olmadan h\u0131zl\u0131 di\u015f tedavilerini mi ar\u0131yorsunuz?<\/p>\n<p>Arslan di\u015f klini\u011finde sadece bir zaman aral\u0131\u011f\u0131 ay\u0131rt\u0131n, belirlenen saatte i\u00e7eri girin ve hi\u00e7bir ek \u00fccret \u00f6demeden \u00f6ncelikli tedavilerden yararlan\u0131n.<\/p>\n<p>\t\t\t<a href=\"https:\/\/arslanklinik.com\/book-an-appointment\/\"><br \/>\n\t\t\t\t\t\tYerimi Ay\u0131rt!<br \/>\n\t\t\t\t\t<\/a><br \/>\n\t\t\t<b>Neden Bizi Se\u00e7melisiniz?<\/b>\t\t<\/p>\n<h2>Di\u015f Tedavilerini E\u011flenceli Hale Getiriyoruz!<\/h2>\n<p>\t\t\t\t\t\t\t\t\t\t\t\t\t\t\t<img decoding=\"async\" src=\"https:\/\/arslanklinik.com\/wp-content\/uploads\/elementor\/thumbs\/Orthodontics-and-jaws-1-e1677932356515-jpg-q3at45qtdbl5bx0itfotp494ops597yz6kdlyo7sac.webp\" title=\"yusuf arslan\" alt=\"Dr.Yusuf Arslan\" loading=\"lazy\" \/>\t\t\t\t\t\t\t\t\t\t\t\t\t\t\t<\/p>\n<h3>Dr Yusuf Arslanda randevu al\u0131n<\/h3>\n<p>Dr Yusuf Arslan T\u00fcrkiye&#8217;nin g\u00fcneyindeki en b\u00fcy\u00fck Arap di\u015f klini\u011fi olan Gaziantep&#8217;teki Arslan Di\u015f Klini\u011fi&#8217;nin m\u00fcd\u00fcr\u00fc.<\/p>\n<ul>\n<li>\n\t\t\t\t\t\t\t\t\t\t12+ y\u0131ll\u0131k deneyim\n\t\t\t\t\t\t\t\t\t<\/li>\n<li>\n\t\t\t\t\t\t\t\t\t\tTedavilerde kullan\u0131lan kaliteli malzemeler\n\t\t\t\t\t\t\t\t\t<\/li>\n<li>\n\t\t\t\t\t\t\t\t\t\tModern ve g\u00fcncel teknolojileri kullanmak\n\t\t\t\t\t\t\t\t\t<\/li>\n<\/ul>\n<p>\t\t\t<a href=\"https:\/\/arslanklinik.com\/book-an-appointment\/\"><br \/>\n\t\t\t\t\t\t\u015eimdi Randevu Al<br \/>\n\t\t\t\t\t<\/a><br \/>\n\t\t\t<b>G\u00f6r\u00fc\u015fler<\/b>\t\t<\/p>\n<h2>M\u00fc\u015fterilerimiz Ne Diyor?<\/h2>\n<p>\t\t\t\t<a href=\"tel:+90%20(537)%20835-80-45\"><br \/>\n\t\t\t\t\t\t\t\t<\/a><\/p>\n<h4>\n\t\t\t\t\t<a href=\"tel:+90%20(537)%20835-80-45\" ><br \/>\n\t\t\t\t\t\tArama: +90 (537) 835-80-45\t\t\t\t\t<\/a><br \/>\n\t\t\t\t<\/h4>\n<p>\t\t\t\t<a href=\"https:\/\/goo.gl\/maps\/PjdW85nb9WKSboBMA\" target=\"_blank\" rel=\"noopener\"><br \/>\n\t\t\t\t\t\t\t\t<\/a><\/p>\n<h4>\n\t\t\t\t\t<a href=\"https:\/\/goo.gl\/maps\/PjdW85nb9WKSboBMA\" target=\"_blank\" rel=\"noopener\"><br \/>\n\t\t\t\t\t\t\u0130ncili P\u0131nar, Hotel, Alt\u0131\u060c Nail Bilen Cd. No: 2\/A\u060c 27090 \u015eehitkamil\/Gaziantep\t\t\t\t\t<\/a><br \/>\n\t\t\t\t<\/h4>\n<h4>Sanal Randevu Planlay\u0131n<\/h4>\n<p>\t\t\t<a href=\"https:\/\/arslanklinik.com\/book-an-appointment\/\"><br \/>\n\t\t\t\t\t\t\u015eimdi Planla<br \/>\n\t\t\t\t\t<\/a><\/p>\n","protected":false},"excerpt":{"rendered":"<p>Arslan Di\u015f Klini\u011fi Gaziantepte g\u00fcvenilir bir di\u015f hekimi ar\u0131yorsan\u0131z, Dr Yusuf Arslan sizi bekliyor. H\u0131zl\u0131 randevular ve zaman\u0131nda \u00e7\u00f6z\u00fcmler ile uygun fiyatl\u0131 ve a\u011fr\u0131s\u0131z di\u015f tedavileriyle tan\u0131n\u0131yoruz. Randevu Al Hakk\u0131m\u0131zda Arslan Di\u015f klini\u011fi hakk\u0131nda Klini\u011fimiz Gaziantepte faaliyet g\u00f6steren ve \u00fc\u00e7 dil deste\u011fi\u00a0( Arap\u00e7a, \u00a0T\u00fcrk\u00e7e,\u00a0\u0130ngilizce )\u00a0bulunan\u00a0kliniklerinden biri olarak kabul edilmektedir. Arslan di\u015f Klini\u011fi, di\u015f bak\u0131m\u0131 konusunda [&hellip;]<\/p>\n","protected":false},"author":2,"featured_media":25997,"parent":0,"menu_order":0,"comment_status":"closed","ping_status":"closed","template":"","meta":{"_uag_custom_page_level_css":"","site-sidebar-layout":"no-sidebar","site-content-layout":"page-builder","ast-site-content-layout":"default","site-content-style":"default","site-sidebar-style":"default","ast-global-header-display":"","ast-banner-title-visibility":"","ast-main-header-display":"","ast-hfb-above-header-display":"","ast-hfb-below-header-display":"","ast-hfb-mobile-header-display":"","site-post-title":"disabled","ast-breadcrumbs-content":"","ast-featured-img":"disabled","footer-sml-layout":"","ast-disable-related-posts":"","theme-transparent-header-meta":"enabled","adv-header-id-meta":"","stick-header-meta":"","header-above-stick-meta":"","header-main-stick-meta":"","header-below-stick-meta":"","astra-migrate-meta-layouts":"default","ast-page-background-enabled":"default","ast-page-background-meta":{"desktop":{"background-color":"","background-image":"","background-repeat":"repeat","background-position":"center center","background-size":"auto","background-attachment":"scroll","background-type":"","background-media":"","overlay-type":"","overlay-color":"","overlay-opacity":"","overlay-gradient":""},"tablet":{"background-color":"","background-image":"","background-repeat":"repeat","background-position":"center center","background-size":"auto","background-attachment":"scroll","background-type":"","background-media":"","overlay-type":"","overlay-color":"","overlay-opacity":"","overlay-gradient":""},"mobile":{"background-color":"","background-image":"","background-repeat":"repeat","background-position":"center center","background-size":"auto","background-attachment":"scroll","background-type":"","background-media":"","overlay-type":"","overlay-color":"","overlay-opacity":"","overlay-gradient":""}},"ast-content-background-meta":{"desktop":{"background-color":"var(--ast-global-color-5)","background-image":"","background-repeat":"repeat","background-position":"center center","background-size":"auto","background-attachment":"scroll","background-type":"","background-media":"","overlay-type":"","overlay-color":"","overlay-opacity":"","overlay-gradient":""},"tablet":{"background-color":"var(--ast-global-color-5)","background-image":"","background-repeat":"repeat","background-position":"center center","background-size":"auto","background-attachment":"scroll","background-type":"","background-media":"","overlay-type":"","overlay-color":"","overlay-opacity":"","overlay-gradient":""},"mobile":{"background-color":"var(--ast-global-color-5)","background-image":"","background-repeat":"repeat","background-position":"center center","background-size":"auto","background-attachment":"scroll","background-type":"","background-media":"","overlay-type":"","overlay-color":"","overlay-opacity":"","overlay-gradient":""}},"footnotes":""},"class_list":["post-25203","page","type-page","status-publish","has-post-thumbnail","hentry"],"translation":{"provider":"WPGlobus","version":"3.0.2","language":"tr","enabled_languages":["en","ar","tr"],"languages":{"en":{"title":true,"content":true,"excerpt":false},"ar":{"title":true,"content":true,"excerpt":false},"tr":{"title":true,"content":true,"excerpt":false}}},"uagb_featured_image_src":{"full":["https:\/\/arslanklinik.com\/wp-content\/uploads\/2023\/03\/arslan-dental-klinik-logo-1.svg",1085,641,false],"thumbnail":["https:\/\/arslanklinik.com\/wp-content\/uploads\/2023\/03\/arslan-dental-klinik-logo-1.svg",150,89,false],"medium":["https:\/\/arslanklinik.com\/wp-content\/uploads\/2023\/03\/arslan-dental-klinik-logo-1.svg",300,177,false],"medium_large":["https:\/\/arslanklinik.com\/wp-content\/uploads\/2023\/03\/arslan-dental-klinik-logo-1.svg",768,454,false],"large":["https:\/\/arslanklinik.com\/wp-content\/uploads\/2023\/03\/arslan-dental-klinik-logo-1.svg",1024,605,false],"1536x1536":["https:\/\/arslanklinik.com\/wp-content\/uploads\/2023\/03\/arslan-dental-klinik-logo-1.svg",1085,641,false],"2048x2048":["https:\/\/arslanklinik.com\/wp-content\/uploads\/2023\/03\/arslan-dental-klinik-logo-1.svg",1085,641,false]},"uagb_author_info":{"display_name":"Dr.Yusuf Arslan","author_link":"https:\/\/arslanklinik.com\/tr\/author\/yusuf\/"},"uagb_comment_info":0,"uagb_excerpt":"Arslan Di\u015f Klini\u011fi Gaziantepte g\u00fcvenilir bir di\u015f hekimi ar\u0131yorsan\u0131z, Dr Yusuf Arslan sizi bekliyor. H\u0131zl\u0131 randevular ve zaman\u0131nda \u00e7\u00f6z\u00fcmler ile uygun fiyatl\u0131 ve a\u011fr\u0131s\u0131z di\u015f tedavileriyle tan\u0131n\u0131yoruz. Randevu Al Hakk\u0131m\u0131zda Arslan Di\u015f klini\u011fi hakk\u0131nda Klini\u011fimiz Gaziantepte faaliyet g\u00f6steren ve \u00fc\u00e7 dil deste\u011fi\u00a0( Arap\u00e7a, \u00a0T\u00fcrk\u00e7e,\u00a0\u0130ngilizce )\u00a0bulunan\u00a0kliniklerinden biri olarak kabul edilmektedir. Arslan di\u015f Klini\u011fi, di\u015f bak\u0131m\u0131 konusunda&hellip;","rttpg_featured_image_url":{"full":["https:\/\/arslanklinik.com\/wp-content\/uploads\/2023\/03\/arslan-dental-klinik-logo-1.svg",1085,641,false],"landscape":["https:\/\/arslanklinik.com\/wp-content\/uploads\/2023\/03\/arslan-dental-klinik-logo-1.svg",1085,641,false],"portraits":["https:\/\/arslanklinik.com\/wp-content\/uploads\/2023\/03\/arslan-dental-klinik-logo-1.svg",1085,641,false],"thumbnail":["https:\/\/arslanklinik.com\/wp-content\/uploads\/2023\/03\/arslan-dental-klinik-logo-1.svg",150,89,false],"medium":["https:\/\/arslanklinik.com\/wp-content\/uploads\/2023\/03\/arslan-dental-klinik-logo-1.svg",300,177,false],"large":["https:\/\/arslanklinik.com\/wp-content\/uploads\/2023\/03\/arslan-dental-klinik-logo-1.svg",1024,605,false],"1536x1536":["https:\/\/arslanklinik.com\/wp-content\/uploads\/2023\/03\/arslan-dental-klinik-logo-1.svg",1085,641,false],"2048x2048":["https:\/\/arslanklinik.com\/wp-content\/uploads\/2023\/03\/arslan-dental-klinik-logo-1.svg",1085,641,false]},"rttpg_author":{"display_name":"Dr.Yusuf Arslan","author_link":"https:\/\/arslanklinik.com\/tr\/author\/yusuf\/"},"rttpg_comment":0,"rttpg_category":null,"rttpg_excerpt":"Arslan Di\u015f Klini\u011fi Gaziantepte g\u00fcvenilir bir di\u015f hekimi ar\u0131yorsan\u0131z, Dr Yusuf Arslan sizi bekliyor. H\u0131zl\u0131 randevular ve zaman\u0131nda \u00e7\u00f6z\u00fcmler ile uygun fiyatl\u0131 ve a\u011fr\u0131s\u0131z di\u015f tedavileriyle tan\u0131n\u0131yoruz. Randevu Al Hakk\u0131m\u0131zda Arslan Di\u015f klini\u011fi hakk\u0131nda Klini\u011fimiz Gaziantepte faaliyet g\u00f6steren ve \u00fc\u00e7 dil deste\u011fi\u00a0( Arap\u00e7a, \u00a0T\u00fcrk\u00e7e,\u00a0\u0130ngilizce )\u00a0bulunan\u00a0kliniklerinden biri olarak kabul edilmektedir. Arslan di\u015f Klini\u011fi, di\u015f bak\u0131m\u0131 konusunda&hellip;","_links":{"self":[{"href":"https:\/\/arslanklinik.com\/tr\/wp-json\/wp\/v2\/pages\/25203","targetHints":{"allow":["GET"]}}],"collection":[{"href":"https:\/\/arslanklinik.com\/tr\/wp-json\/wp\/v2\/pages"}],"about":[{"href":"https:\/\/arslanklinik.com\/tr\/wp-json\/wp\/v2\/types\/page"}],"author":[{"embeddable":true,"href":"https:\/\/arslanklinik.com\/tr\/wp-json\/wp\/v2\/users\/2"}],"replies":[{"embeddable":true,"href":"https:\/\/arslanklinik.com\/tr\/wp-json\/wp\/v2\/comments?post=25203"}],"version-history":[{"count":162,"href":"https:\/\/arslanklinik.com\/tr\/wp-json\/wp\/v2\/pages\/25203\/revisions"}],"predecessor-version":[{"id":27740,"href":"https:\/\/arslanklinik.com\/tr\/wp-json\/wp\/v2\/pages\/25203\/revisions\/27740"}],"wp:featuredmedia":[{"embeddable":true,"href":"https:\/\/arslanklinik.com\/tr\/wp-json\/wp\/v2\/media\/25997"}],"wp:attachment":[{"href":"https:\/\/arslanklinik.com\/tr\/wp-json\/wp\/v2\/media?parent=25203"}],"curies":[{"name":"wp","href":"https:\/\/api.w.org\/{rel}","templated":true}]}}