{"id":25203,"date":"2021-04-29T07:04:26","date_gmt":"2021-04-29T07:04:26","guid":{"rendered":"https:\/\/arslanklinik.com\/home\/"},"modified":"2023-07-13T03:46:18","modified_gmt":"2023-07-13T03:46:18","slug":"home","status":"publish","type":"page","link":"https:\/\/arslanklinik.com\/ar\/","title":{"rendered":"Home"},"content":{"rendered":"<h1>\u0639\u064a\u0627\u062f\u0629 \u0627\u0631\u0633\u0644\u0627\u0646 \u0644\u0637\u0628 \u0627\u0644\u0627\u0633\u0646\u0627\u0646<\/h1>\n<p>\u0625\u0630\u0627 \u0643\u0646\u062a \u062a\u0628\u062d\u062b \u0639\u0646 \u062f\u0643\u062a\u0648\u0631 \u0627\u0633\u0646\u0627\u0646 \u0627\u0648 \u0639\u0646 \u0639\u064a\u0627\u062f\u0629 \u0644\u0637\u0628 \u0627\u0644\u0627\u0633\u0646\u0627\u0646 \u0641\u064a \u063a\u0627\u0632\u064a \u0639\u0646\u062a\u0627\u0628 \u060c \u0627\u0644\u062f\u0643\u062a\u0648\u0631 \u064a\u0648\u0633\u0641 \u0627\u0631\u0633\u0644\u0627\u0646 \u0648 \u0637\u0627\u0642\u0645 \u0639\u064a\u0627\u062f\u0629 \u0627\u0631\u0633\u0644\u0627\u0646 \u0647\u0646\u0627 \u0644\u0645\u0633\u0627\u0639\u062f\u062a\u0643. \u0646\u062d\u0646 \u0645\u0639\u0631\u0648\u0641\u0648\u0646 \u0628\u0623\u0641\u0636\u0644 \u0639\u0644\u0627\u062c\u0627\u062a \u0627\u0644\u0623\u0633\u0646\u0627\u0646 \u0648\u0628\u0623\u0633\u0639\u0627\u0631 \u0645\u0639\u0642\u0648\u0644\u0629 \u0648\u063a\u064a\u0631 \u0645\u0624\u0644\u0645\u0629 \u0628\u0645\u0648\u0627\u0639\u064a\u062f \u0633\u0631\u064a\u0639\u0629 \u0648\u062d\u0644\u0648\u0644 \u0641\u064a \u0627\u0644\u0648\u0642\u062a \u0627\u0644\u0645\u0646\u0627\u0633\u0628.<\/p>\n<p>\t\t\t<a href=\"https:\/\/arslanklinik.com\/book-an-appointment\/\"><br \/>\n\t\t\t\t\t\t\u0627\u062d\u062c\u0632 \u0645\u0648\u0639\u062f\u0627<br \/>\n\t\t\t\t\t<\/a><br \/>\n\t\t\t\t\t\t\t\t\t\t\t\t\t\t\t<img loading=\"lazy\" decoding=\"async\" width=\"1080\" height=\"1080\" src=\"https:\/\/arslanklinik.com\/wp-content\/uploads\/2023\/03\/dr-yusuf-arslan-write-jpg.webp\" alt=\"dr-yusuf-arslan | arslan dental klinik\" loading=\"lazy\" \/>\t\t\t\t\t\t\t\t\t\t\t\t\t\t\t<\/p>\n<div class=\"ast-oembed-container \" style=\"height: 100%;\"><iframe title=\"Arslan Dental Clinic\" width=\"500\" height=\"375\" src=\"https:\/\/www.youtube.com\/embed\/mqKcp5VWXWI?feature=oembed\" frameborder=\"0\" allow=\"accelerometer; autoplay; clipboard-write; encrypted-media; gyroscope; picture-in-picture; web-share\" referrerpolicy=\"strict-origin-when-cross-origin\" allowfullscreen><\/iframe><\/div>\n<p>\t\t\t<b>\u0645\u0646 \u0646\u062d\u0646\u061f<\/b>\t\t<\/p>\n<h2>\u0639\u0646 \u0639\u064a\u0627\u062f\u0629 \u0627\u0631\u0633\u0644\u0627\u0646 \u0644\u0637\u0628 \u0627\u0644\u0627\u0633\u0646\u0627\u0646<\/h2>\n<p>\u062a\u0639\u062a\u0628\u0631 \u0639\u064a\u0627\u062f\u0629 \u0627\u0631\u0633\u0644\u0627\u0646 \u0645\u0646 \u0623\u0648\u0627\u0626\u0644 \u0627\u0644\u0639\u064a\u0627\u062f\u0627\u062a \u0627\u0644\u0639\u0627\u0645\u0644\u0629 \u0627\u0644\u062a\u064a \u062a\u062f\u0639\u0645 \u062b\u0644\u0627\u062b \u0644\u063a\u0627\u062a ( \u0627\u0644\u0639\u0631\u0628\u064a\u0629 \u060c \u0627\u0644\u062a\u0631\u0643\u064a\u0629 \u060c \u0627\u0644\u0625\u0646\u062c\u0644\u064a\u0632\u064a\u0629 ) \u0641\u064a \u062a\u0631\u0643\u064a\u0627.<br \/>\u062a\u0623\u0633\u0633\u062a \u0627\u0644\u0639\u064a\u0627\u062f\u0629 \u0639\u0627\u0645 2021 \u0645\u0646 \u0642\u0628\u0644 \u0637\u0627\u0642\u0645 \u0645\u062a\u062e\u0635\u0635 \u0641\u064a \u0631\u0639\u0627\u064a\u0629 \u0627\u0644\u0623\u0633\u0646\u0627\u0646 \u0648\u0639\u0644\u0649 \u0631\u0627\u0633\u0647 \u0627\u0644\u062f\u0643\u062a\u0648\u0631 \u064a\u0648\u0633\u0641 \u0627\u0631\u0633\u0644\u0627\u0646 (\u0623\u0637\u0628\u0627\u0621 &#8211; \u0623\u062e\u0635\u0627\u0626\u064a\u0648 \u0635\u062d\u0629 \u0627\u0644\u0623\u0633\u0646\u0627\u0646 &#8211; \u0645\u0645\u0631\u0636\u0627\u062a).<\/p>\n<p>\t\t\t<a href=\"https:\/\/arslanklinik.com\/ar\/about\/\"><br \/>\n\t\t\t\t\t\t\u0644\u0642\u0631\u0627\u0621\u0629 \u0627\u0644\u0645\u0632\u064a\u062f<br \/>\n\t\t\t\t\t<\/a><br \/>\n\t\t\t<b>\u0623\u0637\u0628\u0627\u0626\u0646\u0627<\/b>\t\t<\/p>\n<h2>\u0639\u0646 \u0627\u0644\u062f\u0643\u062a\u0648\u0631 \u064a\u0648\u0633\u0641 \u0627\u0631\u0633\u0644\u0627\u0646<br \/>\n<\/h2>\n<p>\u064a\u0648\u0633\u0641 \u0627\u0631\u0633\u0644\u0627\u0646 \u0648\u0644\u062f \u0641\u064a \u062d\u0644\u0628\u060c \u0633\u0648\u0631\u064a\u0627\u060c \u0648\u0623\u0643\u0645\u0644 \u062a\u0639\u0644\u064a\u0645\u0647 \u0627\u0644\u062b\u0627\u0646\u0648\u064a \u0641\u064a \u0645\u062f\u0631\u0633\u0629 \u0639\u0628\u062f \u0627\u0644\u0631\u062d\u0645\u0646 \u0627\u0644\u0643\u0648\u0627\u0643\u0628\u064a \u0627\u0644\u0639\u0644\u064a\u0627 \u0641\u064a \u062d\u0644\u0628. \u062d\u0635\u0644 \u0639\u0644\u0649 \u062f\u0631\u062c\u0629 \u0627\u0644\u0628\u0643\u0627\u0644\u0648\u0631\u064a\u0648\u0633 \u0641\u064a \u0639\u0644\u0648\u0645 \u0627\u0644\u0623\u0633\u0646\u0627\u0646 \u0645\u0646 \u062c\u0627\u0645\u0639\u0629 \u062a\u0634\u0631\u064a\u0646 \u0641\u064a \u0627\u0644\u0644\u0627\u0630\u0642\u064a\u0629 \u0648\u062d\u0635\u0644 \u0641\u064a\u0645\u0627 \u0628\u0639\u062f \u0639\u0644\u0649 \u062f\u0631\u062c\u0629 \u0627\u0644\u0645\u0627\u062c\u0633\u062a\u064a\u0631 \u0641\u064a \u0637\u0628 \u0627\u0644\u0623\u0633\u0646\u0627\u0646 \u0627\u0644\u062a\u0631\u0645\u064a\u0645\u064a \u0648\u0639\u0644\u0627\u062c \u0627\u0644\u062c\u0630\u0648\u0631 \u0645\u0646 \u062c\u0627\u0645\u0639\u0629 \u062d\u0644\u0628.<\/p>\n<p>\u0628\u0627\u0644\u0625\u0636\u0627\u0641\u0629 \u0625\u0644\u0649 \u0630\u0644\u0643\u060c \u064a\u062d\u0645\u0644 \u0627\u0644\u0644\u0642\u0628 \u0627\u0644\u0633\u0648\u0631\u064a \u0644\u0637\u0628 \u0627\u0644\u0623\u0633\u0646\u0627\u0646 \u0627\u0644\u062a\u062c\u0645\u064a\u0644\u064a \u0645\u0646 \u0627\u0644\u0647\u064a\u0626\u0629 \u0627\u0644\u0633\u0648\u0631\u064a\u0629 \u0644\u0644\u062a\u062e\u0635\u0635\u0627\u062a \u0627\u0644\u0637\u0628\u064a\u0629 \u0648\u0639\u0645\u0644 \u0643\u0645\u062f\u0631\u0633 \u062c\u0627\u0645\u0639\u064a \u0641\u064a \u0643\u0644\u064a\u0629 \u0637\u0628 \u0627\u0644\u0623\u0633\u0646\u0627\u0646 \u0641\u064a \u062c\u0627\u0645\u0639\u0629 \u062d\u0644\u0628. \u0643\u0645\u0627 \u064a\u062d\u0645\u0644 \u062f\u0631\u062c\u0629 \u0641\u064a \u062a\u0642\u0648\u064a\u0645 \u0627\u0644\u0623\u0633\u0646\u0627\u0646 \u0645\u0646 \u062c\u0627\u0645\u0639\u0629 \u0645\u0648\u0644\u064a\u064a\u0631 \u0641\u064a \u0641\u0631\u0646\u0633\u0627 \u0648\u062d\u0635\u0644 \u0639\u0644\u0649 \u0634\u0647\u0627\u062f\u0629 \u0637\u0628\u064a\u0629 \u0645\u0646 \u0648\u0632\u0627\u0631\u0629 \u0627\u0644\u0635\u062d\u0629 \u0627\u0644\u062a\u0631\u0643\u064a\u0629.<\/p>\n<p>\u062d\u0627\u0644\u064a\u064b\u0627\u060c \u064a\u0639\u0645\u0644 \u0643\u0645\u062f\u064a\u0631 \u0639\u064a\u0627\u062f\u0629 \u0627\u0631\u0633\u0644\u0627\u0646 \u0644\u0637\u0628 \u0627\u0644\u0627\u0633\u0646\u0627\u0646 \u0641\u064a \u063a\u0627\u0632\u064a \u0639\u0646\u062a\u0627\u0628\u060c \u0648\u0647\u064a \u0623\u0643\u0628\u0631 \u0639\u064a\u0627\u062f\u0629 \u0644\u0637\u0628 \u0627\u0644\u0623\u0633\u0646\u0627\u0646 \u0627\u0644\u0639\u0631\u0628\u064a \u0641\u064a \u062c\u0646\u0648\u0628 \u062a\u0631\u0643\u064a\u0627.<\/p>\n<p>\t\t\t\t\t\t\t\t\t\t\t\t\t\t\t<img loading=\"lazy\" decoding=\"async\" width=\"1024\" height=\"576\" src=\"https:\/\/arslanklinik.com\/wp-content\/uploads\/2023\/04\/photo-5-1024x576.jpg\" alt=\"dr-yusuf-arslan - arslan-dental-klinik\" loading=\"lazy\" \/><br \/>\n\t\t\t<b>\u062e\u062f\u0645\u0627\u062a\u0646\u0627<\/b>\t\t<\/p>\n<h2>\u0628\u0639\u0636 \u062e\u062f\u0645\u0627\u062a \u0627\u0644\u0627\u0633\u0646\u0627\u0646 \u0627\u0644\u062a\u064a \u0646\u0642\u062f\u0645\u0647\u0627<\/h2>\n<p>\t\t\t\t\t\t\t\t\t\t\t\t\t\t\t<img decoding=\"async\" src=\"https:\/\/arslanklinik.com\/wp-content\/uploads\/2023\/03\/Orthodontics-and-jaws-3-jpg.webp\" title=\"Orthodontics-and-jaws\" alt=\"Orthodontics-and-jaws - arslan dental klinik\" loading=\"lazy\" \/>\t\t\t\t\t\t\t\t\t\t\t\t\t\t\t<\/p>\n<h3>\u062a\u0642\u0648\u064a\u0645 \u0627\u0644\u0623\u0633\u0646\u0627\u0646 \u0648\u0627\u0644\u0641\u0643\u064a\u0646<\/h3>\n<p>\u064a\u0639\u062a\u0628\u0631 \u0645\u0631\u0643\u0632\u0646\u0627 \u0645\u0646 \u0627\u0644\u0639\u064a\u0627\u062f\u0627\u062a \u0627\u0644\u0637\u0628\u064a\u0629 \u0627\u0644\u0645\u062a\u0645\u064a\u0632\u0629 \u0644\u062a\u0642\u0648\u064a\u0645 \u0627\u0644\u0627\u0633\u0646\u0627\u0646 \u0645\u0646 \u062e\u0644\u0627\u0644 \u0627\u0633\u062a\u062e\u062f\u0627\u0645 \u0627\u0641\u0636\u0644 \u0645\u0631\u0627\u0643\u0632 \u062a\u0642\u0648\u064a\u0645 \u0627\u0644\u0627\u0633\u0646\u0627\u0646 \u0641\u064a \u0627\u0644\u0639\u0627\u0644\u0645 &#8230;<\/p>\n<p>\t\t\t\t\t\t\t\t\t\t\t\t\t\t\t<img decoding=\"async\" src=\"https:\/\/arslanklinik.com\/wp-content\/uploads\/2023\/03\/Intraoral-surgery-1-arslan-dental-klinik-yusuf-arslan-jpg.webp\" title=\"Intraoral-surgery-1-arslan-dental-klinik-yusuf-arslan\" alt=\"Intraoral-surgery-1-arslan-dental-klinik-yusuf-arslan\" loading=\"lazy\" \/>\t\t\t\t\t\t\t\t\t\t\t\t\t\t\t<\/p>\n<h3>\u062c\u0631\u0627\u062d\u0629 \u062f\u0627\u062e\u0644 \u0627\u0644\u0641\u0645<\/h3>\n<p>\u062f\u0627\u062e\u0644 \u0639\u064a\u0627\u062f\u062a\u0646\u0627 \u060c \u064a\u062a\u0645 \u0625\u062c\u0631\u0627\u0621 \u0623\u0646\u0648\u0627\u0639 \u0645\u062e\u062a\u0644\u0641\u0629 \u0645\u0646 \u0627\u0644\u0639\u0645\u0644\u064a\u0627\u062a \u0627\u0644\u062c\u0631\u0627\u062d\u064a\u0629 \u062f\u0627\u062e\u0644 \u0627\u0644\u0641\u0645 \u0641\u064a \u063a\u0631\u0641 \u0627\u0644\u0639\u0645\u0644\u064a\u0627\u062a \u0627\u0644\u062c\u0631\u0627\u062d\u064a\u0629 \u062a\u062d\u062a &#8230;<\/p>\n<p>\t\t\t\t\t\t\t\t\t\t\t\t\t\t\t<img decoding=\"async\" src=\"https:\/\/arslanklinik.com\/wp-content\/uploads\/2023\/03\/Crowns-and-bridges-jpg.webp\" title=\"Crowns and bridges\" alt=\"Crowns and bridges - arslan klinik\" loading=\"lazy\" \/>\t\t\t\t\t\t\t\t\t\t\t\t\t\t\t<\/p>\n<h3>\u0627\u0644\u062a\u064a\u062c\u0627\u0646 \u0648\u0627\u0644\u062c\u0633\u0648\u0631<\/h3>\n<p>\u0639\u064a\u0627\u062f\u062a\u0646\u0627 \u0645\u0646 \u0627\u0643\u062b\u0631 \u0639\u064a\u0627\u062f\u0627\u062a \u0627\u0644\u0627\u0633\u0646\u0627\u0646 \u062a\u0645\u064a\u0632\u0627 \u0645\u0639 \u062a\u062d\u0642\u064a\u0642 \u0627\u0628\u062a\u0633\u0627\u0645\u0629 \u0647\u0648\u0644\u064a\u0648\u062f &#8230;<\/p>\n<p>\t\t\t<a href=\"https:\/\/arslanklinik.com\/services\/\"><br \/>\n\t\t\t\t\t\t\u0639\u0631\u0636 \u062c\u0645\u064a\u0639 \u0627\u0644\u062e\u062f\u0645\u0627\u062a<br \/>\n\t\t\t\t\t<\/a><\/p>\n<h2>\u0627\u062d\u062c\u0632 \u0645\u0648\u0639\u062f\u064b\u0627 \u0648\u062a\u062e\u0644\u0635 \u0645\u0646 \u0627\u0644\u0645 \u0627\u0633\u0646\u0627\u0646\u0643!<\/h2>\n<p>\u0647\u0644 \u062a\u0628\u062d\u062b \u0639\u0646 \u0623\u0641\u0636\u0644 \u0648\u0623\u0633\u0631\u0639 \u0639\u0644\u0627\u062c\u0627\u062a \u0627\u0644\u0627\u0633\u0646\u0627\u0646 \u062f\u0648\u0646 \u0627\u0646\u062a\u0638\u0627\u0631 \u0637\u0648\u064a\u0644\u061f<\/p>\n<p>\u0645\u0627 \u0639\u0644\u064a\u0643 \u0633\u0648\u0649 \u062d\u062c\u0632 \u0645\u0648\u0639\u062f \u060c \u0648\u0627\u0644\u062d\u0636\u0648\u0631 \u0641\u064a \u0627\u0644\u0648\u0642\u062a \u0627\u0644\u0645\u062d\u062f\u062f \u0648\u0627\u0644\u062d\u0635\u0648\u0644 \u0639\u0644\u0649 \u0639\u0644\u0627\u062c\u0627\u062a \u0630\u0627\u062a \u0623\u0648\u0644\u0648\u064a\u0629 \u062f\u0648\u0646 \u0623\u064a \u062a\u0643\u0644\u0641\u0629 \u0625\u0636\u0627\u0641\u064a\u0629.<\/p>\n<p>\t\t\t<a href=\"https:\/\/arslanklinik.com\/book-an-appointment\/\"><br \/>\n\t\t\t\t\t\t\u0627\u062d\u062c\u0632 \u0645\u0648\u0639\u062f\u0627<br \/>\n\t\t\t\t\t<\/a><br \/>\n\t\t\t<b>\u0644\u0645\u0627\u0630\u0627 \u062a\u062e\u062a\u0627\u0631\u0646\u0627<\/b>\t\t<\/p>\n<h2>\u0646\u062c\u0639\u0644 \u0639\u0644\u0627\u062c\u0627\u062a \u0627\u0644\u0627\u0633\u0646\u0627\u0646 \u0645\u0645\u062a\u0639\u0629!<\/h2>\n<p>\t\t\t\t\t\t\t\t\t\t\t\t\t\t\t<img decoding=\"async\" src=\"https:\/\/arslanklinik.com\/wp-content\/uploads\/elementor\/thumbs\/Orthodontics-and-jaws-1-e1677932356515-jpg-q3at45qtdbl5bx0itfotp494ops597yz6kdlyo7sac.webp\" title=\"yusuf arslan\" alt=\"Dr.Yusuf Arslan\" loading=\"lazy\" \/>\t\t\t\t\t\t\t\t\t\t\t\t\t\t\t<\/p>\n<h3>\u0627\u062d\u062c\u0632 \u0645\u0648\u0639\u062f \u0645\u0639 \u0627\u0644\u062f\u0643\u062a\u0648\u0631 \u064a\u0648\u0633\u0641 \u0627\u0631\u0633\u0644\u0627\u0646<\/h3>\n<p>\u0645\u062f\u064a\u0631 \u0639\u064a\u0627\u062f\u0629 \u0627\u0631\u0633\u0644\u0627\u0646 \u0644\u0637\u0628 \u0627\u0644\u0627\u0633\u0646\u0627\u0646 \u0641\u064a \u063a\u0627\u0632\u064a \u0639\u0646\u062a\u0627\u0628 \u060c \u0648\u0647\u064a \u0623\u0643\u0628\u0631 \u0639\u064a\u0627\u062f\u0629 \u0644\u0637\u0628 \u0627\u0644\u0627\u0633\u0646\u0627\u0646 \u062a\u062f\u0639\u0645 \u0627\u0644\u0644\u063a\u0629 \u0627\u0644\u0639\u0631\u0628\u064a\u0629 \u0641\u064a \u062c\u0646\u0648\u0628 \u062a\u0631\u0643\u064a\u0627.<\/p>\n<ul>\n<li>\n\t\t\t\t\t\t\t\t\t\t12+ \u0633\u0646\u0648\u0627\u062a \u062e\u0628\u0631\u0629\n\t\t\t\t\t\t\t\t\t<\/li>\n<li>\n\t\t\t\t\t\t\t\t\t\t\u0645\u0648\u0627\u062f \u0639\u0627\u0644\u064a\u0629 \u0627\u0644\u062c\u0648\u062f\u0629 \u062a\u0633\u062a\u062e\u062f\u0645 \u0641\u064a \u0627\u0644\u0639\u0644\u0627\u062c\n\t\t\t\t\t\t\t\t\t<\/li>\n<li>\n\t\t\t\t\t\t\t\t\t\t\u0627\u0633\u062a\u062e\u062f\u0627\u0645 \u0627\u0644\u062a\u0642\u0646\u064a\u0627\u062a \u0627\u0644\u062d\u062f\u064a\u062b\u0629 \u0648\u0627\u0644\u0645\u062d\u062f\u062b\u0629\n\t\t\t\t\t\t\t\t\t<\/li>\n<\/ul>\n<p>\t\t\t<a href=\"https:\/\/arslanklinik.com\/ar\/doctor-yusuf-arslan\/\"><br \/>\n\t\t\t\t\t\t\u062a\u0639\u0631\u0641 \u0639\u0644\u0649 \u0627\u0644\u062f\u0643\u062a\u0648\u0631 \u064a\u0648\u0633\u0641 \u0627\u0631\u0633\u0644\u0627\u0646<br \/>\n\t\t\t\t\t<\/a><br \/>\n\t\t\t<b>\u0627\u0644\u062a\u0648\u0635\u064a\u0627\u062a<\/b>\t\t<\/p>\n<h2>\u0645\u0627\u0630\u0627 \u064a\u0642\u0648\u0644 \u0639\u0645\u0644\u0627\u0624\u0646\u0627<\/h2>\n<p>\t\t\t<a href=\"tel:+90%20(537)%20835-80-45\"><br \/>\n\t\t\t\t\t\t<\/a><\/p>\n<h2><a href=\"tel:+90%20(537)%20835-80-45\">\u0627\u062a\u0635\u0644 : +90 (537) 835-80-45<\/a><\/h2>\n<p>\t\t\t<a href=\"https:\/\/goo.gl\/maps\/PjdW85nb9WKSboBMA\" target=\"_blank\" rel=\"noopener\"><br \/>\n\t\t\t\t\t\t<\/a><\/p>\n<h2><a href=\"https:\/\/goo.gl\/maps\/PjdW85nb9WKSboBMA\" target=\"_blank\" rel=\"noopener\">\u0130ncili P\u0131nar, Hotel, Alt\u0131\u060c Nail Bilen Cd. No: 2\/A\u060c 27090 \u015eehitkamil\/Gaziantep<\/a><\/h2>\n<h2>\u062d\u062f\u062f \u0645\u0648\u0639\u062f\u064b\u0627 \u0627\u0641\u062a\u0631\u0627\u0636\u064a\u064b\u0627<\/h2>\n<p>\t\t\t<a href=\"https:\/\/arslanklinik.com\/book-an-appointment\/\"><br \/>\n\t\t\t\t\t\t\u0627\u062d\u062c\u0632 \u0645\u0648\u0639\u062f\u0627 \u0627\u0644\u0627\u0646<br \/>\n\t\t\t\t\t<\/a><\/p>\n","protected":false},"excerpt":{"rendered":"<p>\u0639\u064a\u0627\u062f\u0629 \u0627\u0631\u0633\u0644\u0627\u0646 \u0644\u0637\u0628 \u0627\u0644\u0627\u0633\u0646\u0627\u0646 \u0625\u0630\u0627 \u0643\u0646\u062a \u062a\u0628\u062d\u062b \u0639\u0646 \u062f\u0643\u062a\u0648\u0631 \u0627\u0633\u0646\u0627\u0646 \u0627\u0648 \u0639\u0646 \u0639\u064a\u0627\u062f\u0629 \u0644\u0637\u0628 \u0627\u0644\u0627\u0633\u0646\u0627\u0646 \u0641\u064a \u063a\u0627\u0632\u064a \u0639\u0646\u062a\u0627\u0628 \u060c \u0627\u0644\u062f\u0643\u062a\u0648\u0631 \u064a\u0648\u0633\u0641 \u0627\u0631\u0633\u0644\u0627\u0646 \u0648 \u0637\u0627\u0642\u0645 \u0639\u064a\u0627\u062f\u0629 \u0627\u0631\u0633\u0644\u0627\u0646 \u0647\u0646\u0627 \u0644\u0645\u0633\u0627\u0639\u062f\u062a\u0643. \u0646\u062d\u0646 \u0645\u0639\u0631\u0648\u0641\u0648\u0646 \u0628\u0623\u0641\u0636\u0644 \u0639\u0644\u0627\u062c\u0627\u062a \u0627\u0644\u0623\u0633\u0646\u0627\u0646 \u0648\u0628\u0623\u0633\u0639\u0627\u0631 \u0645\u0639\u0642\u0648\u0644\u0629 \u0648\u063a\u064a\u0631 \u0645\u0624\u0644\u0645\u0629 \u0628\u0645\u0648\u0627\u0639\u064a\u062f \u0633\u0631\u064a\u0639\u0629 \u0648\u062d\u0644\u0648\u0644 \u0641\u064a \u0627\u0644\u0648\u0642\u062a \u0627\u0644\u0645\u0646\u0627\u0633\u0628. \u0627\u062d\u062c\u0632 \u0645\u0648\u0639\u062f\u0627 \u0645\u0646 \u0646\u062d\u0646\u061f \u0639\u0646 \u0639\u064a\u0627\u062f\u0629 \u0627\u0631\u0633\u0644\u0627\u0646 \u0644\u0637\u0628 \u0627\u0644\u0627\u0633\u0646\u0627\u0646 \u062a\u0639\u062a\u0628\u0631 \u0639\u064a\u0627\u062f\u0629 \u0627\u0631\u0633\u0644\u0627\u0646 [&hellip;]<\/p>\n","protected":false},"author":2,"featured_media":25997,"parent":0,"menu_order":0,"comment_status":"closed","ping_status":"closed","template":"","meta":{"_uag_custom_page_level_css":"","site-sidebar-layout":"no-sidebar","site-content-layout":"page-builder","ast-site-content-layout":"default","site-content-style":"default","site-sidebar-style":"default","ast-global-header-display":"","ast-banner-title-visibility":"","ast-main-header-display":"","ast-hfb-above-header-display":"","ast-hfb-below-header-display":"","ast-hfb-mobile-header-display":"","site-post-title":"disabled","ast-breadcrumbs-content":"","ast-featured-img":"disabled","footer-sml-layout":"","ast-disable-related-posts":"","theme-transparent-header-meta":"enabled","adv-header-id-meta":"","stick-header-meta":"","header-above-stick-meta":"","header-main-stick-meta":"","header-below-stick-meta":"","astra-migrate-meta-layouts":"default","ast-page-background-enabled":"default","ast-page-background-meta":{"desktop":{"background-color":"","background-image":"","background-repeat":"repeat","background-position":"center center","background-size":"auto","background-attachment":"scroll","background-type":"","background-media":"","overlay-type":"","overlay-color":"","overlay-opacity":"","overlay-gradient":""},"tablet":{"background-color":"","background-image":"","background-repeat":"repeat","background-position":"center center","background-size":"auto","background-attachment":"scroll","background-type":"","background-media":"","overlay-type":"","overlay-color":"","overlay-opacity":"","overlay-gradient":""},"mobile":{"background-color":"","background-image":"","background-repeat":"repeat","background-position":"center center","background-size":"auto","background-attachment":"scroll","background-type":"","background-media":"","overlay-type":"","overlay-color":"","overlay-opacity":"","overlay-gradient":""}},"ast-content-background-meta":{"desktop":{"background-color":"var(--ast-global-color-5)","background-image":"","background-repeat":"repeat","background-position":"center center","background-size":"auto","background-attachment":"scroll","background-type":"","background-media":"","overlay-type":"","overlay-color":"","overlay-opacity":"","overlay-gradient":""},"tablet":{"background-color":"var(--ast-global-color-5)","background-image":"","background-repeat":"repeat","background-position":"center center","background-size":"auto","background-attachment":"scroll","background-type":"","background-media":"","overlay-type":"","overlay-color":"","overlay-opacity":"","overlay-gradient":""},"mobile":{"background-color":"var(--ast-global-color-5)","background-image":"","background-repeat":"repeat","background-position":"center center","background-size":"auto","background-attachment":"scroll","background-type":"","background-media":"","overlay-type":"","overlay-color":"","overlay-opacity":"","overlay-gradient":""}},"footnotes":""},"class_list":["post-25203","page","type-page","status-publish","has-post-thumbnail","hentry"],"translation":{"provider":"WPGlobus","version":"3.0.2","language":"ar","enabled_languages":["en","ar","tr"],"languages":{"en":{"title":true,"content":true,"excerpt":false},"ar":{"title":true,"content":true,"excerpt":false},"tr":{"title":true,"content":true,"excerpt":false}}},"uagb_featured_image_src":{"full":["https:\/\/arslanklinik.com\/wp-content\/uploads\/2023\/03\/arslan-dental-klinik-logo-1.svg",1085,641,false],"thumbnail":["https:\/\/arslanklinik.com\/wp-content\/uploads\/2023\/03\/arslan-dental-klinik-logo-1.svg",150,89,false],"medium":["https:\/\/arslanklinik.com\/wp-content\/uploads\/2023\/03\/arslan-dental-klinik-logo-1.svg",300,177,false],"medium_large":["https:\/\/arslanklinik.com\/wp-content\/uploads\/2023\/03\/arslan-dental-klinik-logo-1.svg",768,454,false],"large":["https:\/\/arslanklinik.com\/wp-content\/uploads\/2023\/03\/arslan-dental-klinik-logo-1.svg",1024,605,false],"1536x1536":["https:\/\/arslanklinik.com\/wp-content\/uploads\/2023\/03\/arslan-dental-klinik-logo-1.svg",1085,641,false],"2048x2048":["https:\/\/arslanklinik.com\/wp-content\/uploads\/2023\/03\/arslan-dental-klinik-logo-1.svg",1085,641,false]},"uagb_author_info":{"display_name":"Dr.Yusuf Arslan","author_link":"https:\/\/arslanklinik.com\/ar\/author\/yusuf\/"},"uagb_comment_info":0,"uagb_excerpt":"\u0639\u064a\u0627\u062f\u0629 \u0627\u0631\u0633\u0644\u0627\u0646 \u0644\u0637\u0628 \u0627\u0644\u0627\u0633\u0646\u0627\u0646 \u0625\u0630\u0627 \u0643\u0646\u062a \u062a\u0628\u062d\u062b \u0639\u0646 \u062f\u0643\u062a\u0648\u0631 \u0627\u0633\u0646\u0627\u0646 \u0627\u0648 \u0639\u0646 \u0639\u064a\u0627\u062f\u0629 \u0644\u0637\u0628 \u0627\u0644\u0627\u0633\u0646\u0627\u0646 \u0641\u064a \u063a\u0627\u0632\u064a \u0639\u0646\u062a\u0627\u0628 \u060c \u0627\u0644\u062f\u0643\u062a\u0648\u0631 \u064a\u0648\u0633\u0641 \u0627\u0631\u0633\u0644\u0627\u0646 \u0648 \u0637\u0627\u0642\u0645 \u0639\u064a\u0627\u062f\u0629 \u0627\u0631\u0633\u0644\u0627\u0646 \u0647\u0646\u0627 \u0644\u0645\u0633\u0627\u0639\u062f\u062a\u0643. \u0646\u062d\u0646 \u0645\u0639\u0631\u0648\u0641\u0648\u0646 \u0628\u0623\u0641\u0636\u0644 \u0639\u0644\u0627\u062c\u0627\u062a \u0627\u0644\u0623\u0633\u0646\u0627\u0646 \u0648\u0628\u0623\u0633\u0639\u0627\u0631 \u0645\u0639\u0642\u0648\u0644\u0629 \u0648\u063a\u064a\u0631 \u0645\u0624\u0644\u0645\u0629 \u0628\u0645\u0648\u0627\u0639\u064a\u062f \u0633\u0631\u064a\u0639\u0629 \u0648\u062d\u0644\u0648\u0644 \u0641\u064a \u0627\u0644\u0648\u0642\u062a \u0627\u0644\u0645\u0646\u0627\u0633\u0628. \u0627\u062d\u062c\u0632 \u0645\u0648\u0639\u062f\u0627 \u0645\u0646 \u0646\u062d\u0646\u061f \u0639\u0646 \u0639\u064a\u0627\u062f\u0629 \u0627\u0631\u0633\u0644\u0627\u0646 \u0644\u0637\u0628 \u0627\u0644\u0627\u0633\u0646\u0627\u0646 \u062a\u0639\u062a\u0628\u0631 \u0639\u064a\u0627\u062f\u0629 \u0627\u0631\u0633\u0644\u0627\u0646&hellip;","rttpg_featured_image_url":{"full":["https:\/\/arslanklinik.com\/wp-content\/uploads\/2023\/03\/arslan-dental-klinik-logo-1.svg",1085,641,false],"landscape":["https:\/\/arslanklinik.com\/wp-content\/uploads\/2023\/03\/arslan-dental-klinik-logo-1.svg",1085,641,false],"portraits":["https:\/\/arslanklinik.com\/wp-content\/uploads\/2023\/03\/arslan-dental-klinik-logo-1.svg",1085,641,false],"thumbnail":["https:\/\/arslanklinik.com\/wp-content\/uploads\/2023\/03\/arslan-dental-klinik-logo-1.svg",150,89,false],"medium":["https:\/\/arslanklinik.com\/wp-content\/uploads\/2023\/03\/arslan-dental-klinik-logo-1.svg",300,177,false],"large":["https:\/\/arslanklinik.com\/wp-content\/uploads\/2023\/03\/arslan-dental-klinik-logo-1.svg",1024,605,false],"1536x1536":["https:\/\/arslanklinik.com\/wp-content\/uploads\/2023\/03\/arslan-dental-klinik-logo-1.svg",1085,641,false],"2048x2048":["https:\/\/arslanklinik.com\/wp-content\/uploads\/2023\/03\/arslan-dental-klinik-logo-1.svg",1085,641,false]},"rttpg_author":{"display_name":"Dr.Yusuf Arslan","author_link":"https:\/\/arslanklinik.com\/ar\/author\/yusuf\/"},"rttpg_comment":0,"rttpg_category":null,"rttpg_excerpt":"\u0639\u064a\u0627\u062f\u0629 \u0627\u0631\u0633\u0644\u0627\u0646 \u0644\u0637\u0628 \u0627\u0644\u0627\u0633\u0646\u0627\u0646 \u0625\u0630\u0627 \u0643\u0646\u062a \u062a\u0628\u062d\u062b \u0639\u0646 \u062f\u0643\u062a\u0648\u0631 \u0627\u0633\u0646\u0627\u0646 \u0627\u0648 \u0639\u0646 \u0639\u064a\u0627\u062f\u0629 \u0644\u0637\u0628 \u0627\u0644\u0627\u0633\u0646\u0627\u0646 \u0641\u064a \u063a\u0627\u0632\u064a \u0639\u0646\u062a\u0627\u0628 \u060c \u0627\u0644\u062f\u0643\u062a\u0648\u0631 \u064a\u0648\u0633\u0641 \u0627\u0631\u0633\u0644\u0627\u0646 \u0648 \u0637\u0627\u0642\u0645 \u0639\u064a\u0627\u062f\u0629 \u0627\u0631\u0633\u0644\u0627\u0646 \u0647\u0646\u0627 \u0644\u0645\u0633\u0627\u0639\u062f\u062a\u0643. \u0646\u062d\u0646 \u0645\u0639\u0631\u0648\u0641\u0648\u0646 \u0628\u0623\u0641\u0636\u0644 \u0639\u0644\u0627\u062c\u0627\u062a \u0627\u0644\u0623\u0633\u0646\u0627\u0646 \u0648\u0628\u0623\u0633\u0639\u0627\u0631 \u0645\u0639\u0642\u0648\u0644\u0629 \u0648\u063a\u064a\u0631 \u0645\u0624\u0644\u0645\u0629 \u0628\u0645\u0648\u0627\u0639\u064a\u062f \u0633\u0631\u064a\u0639\u0629 \u0648\u062d\u0644\u0648\u0644 \u0641\u064a \u0627\u0644\u0648\u0642\u062a \u0627\u0644\u0645\u0646\u0627\u0633\u0628. \u0627\u062d\u062c\u0632 \u0645\u0648\u0639\u062f\u0627 \u0645\u0646 \u0646\u062d\u0646\u061f \u0639\u0646 \u0639\u064a\u0627\u062f\u0629 \u0627\u0631\u0633\u0644\u0627\u0646 \u0644\u0637\u0628 \u0627\u0644\u0627\u0633\u0646\u0627\u0646 \u062a\u0639\u062a\u0628\u0631 \u0639\u064a\u0627\u062f\u0629 \u0627\u0631\u0633\u0644\u0627\u0646&hellip;","_links":{"self":[{"href":"https:\/\/arslanklinik.com\/ar\/wp-json\/wp\/v2\/pages\/25203","targetHints":{"allow":["GET"]}}],"collection":[{"href":"https:\/\/arslanklinik.com\/ar\/wp-json\/wp\/v2\/pages"}],"about":[{"href":"https:\/\/arslanklinik.com\/ar\/wp-json\/wp\/v2\/types\/page"}],"author":[{"embeddable":true,"href":"https:\/\/arslanklinik.com\/ar\/wp-json\/wp\/v2\/users\/2"}],"replies":[{"embeddable":true,"href":"https:\/\/arslanklinik.com\/ar\/wp-json\/wp\/v2\/comments?post=25203"}],"version-history":[{"count":162,"href":"https:\/\/arslanklinik.com\/ar\/wp-json\/wp\/v2\/pages\/25203\/revisions"}],"predecessor-version":[{"id":27740,"href":"https:\/\/arslanklinik.com\/ar\/wp-json\/wp\/v2\/pages\/25203\/revisions\/27740"}],"wp:featuredmedia":[{"embeddable":true,"href":"https:\/\/arslanklinik.com\/ar\/wp-json\/wp\/v2\/media\/25997"}],"wp:attachment":[{"href":"https:\/\/arslanklinik.com\/ar\/wp-json\/wp\/v2\/media?parent=25203"}],"curies":[{"name":"wp","href":"https:\/\/api.w.org\/{rel}","templated":true}]}}